{"id":10138,"date":"2025-11-05T16:20:22","date_gmt":"2025-11-05T15:20:22","guid":{"rendered":"https:\/\/planchescontact.fr\/?page_id=10138"},"modified":"2025-12-21T11:31:13","modified_gmt":"2025-12-21T10:31:13","slug":"appel-a-candidatures","status":"publish","type":"page","link":"https:\/\/planchescontact.fr\/en\/appel-a-candidatures\/","title":{"rendered":"Appel \u00e0 candidatures Jeune Creation Photographique"},"content":{"rendered":"<div data-elementor-type=\"wp-page\" data-elementor-id=\"10138\" class=\"elementor elementor-10138\" data-elementor-post-type=\"page\">\n\t\t\t\t<div class=\"elementor-element elementor-element-415be8dd e-flex e-con-boxed e-con e-parent\" data-id=\"415be8dd\" data-element_type=\"container\">\n\t\t\t\t\t<div class=\"e-con-inner\">\n\t\t<div class=\"elementor-element elementor-element-233e9872 e-con-full e-flex e-con e-child\" data-id=\"233e9872\" data-element_type=\"container\">\n\t\t<div class=\"elementor-element elementor-element-4d59b616 e-grid e-con-full e-transform e-con e-child\" data-id=\"4d59b616\" data-element_type=\"container\" data-settings=\"{&quot;_transform_translateY_effect&quot;:{&quot;unit&quot;:&quot;px&quot;,&quot;size&quot;:140,&quot;sizes&quot;:[]},&quot;_transform_translateX_effect&quot;:{&quot;unit&quot;:&quot;px&quot;,&quot;size&quot;:&quot;&quot;,&quot;sizes&quot;:[]},&quot;_transform_translateX_effect_tablet&quot;:{&quot;unit&quot;:&quot;px&quot;,&quot;size&quot;:&quot;&quot;,&quot;sizes&quot;:[]},&quot;_transform_translateX_effect_mobile&quot;:{&quot;unit&quot;:&quot;px&quot;,&quot;size&quot;:&quot;&quot;,&quot;sizes&quot;:[]},&quot;_transform_translateY_effect_tablet&quot;:{&quot;unit&quot;:&quot;px&quot;,&quot;size&quot;:&quot;&quot;,&quot;sizes&quot;:[]},&quot;_transform_translateY_effect_mobile&quot;:{&quot;unit&quot;:&quot;px&quot;,&quot;size&quot;:&quot;&quot;,&quot;sizes&quot;:[]}}\">\n\t\t\t\t<div class=\"elementor-element elementor-element-14658f87 elementor-widget__width-initial e-transform e-transform elementor-widget elementor-widget-image\" data-id=\"14658f87\" data-element_type=\"widget\" data-settings=\"{&quot;_transform_translateX_effect&quot;:{&quot;unit&quot;:&quot;px&quot;,&quot;size&quot;:1,&quot;sizes&quot;:[]},&quot;_transform_translateY_effect&quot;:{&quot;unit&quot;:&quot;px&quot;,&quot;size&quot;:-70,&quot;sizes&quot;:[]},&quot;_transform_scale_effect&quot;:{&quot;unit&quot;:&quot;px&quot;,&quot;size&quot;:1.3,&quot;sizes&quot;:[]},&quot;_transform_translateX_effect_mobile&quot;:{&quot;unit&quot;:&quot;px&quot;,&quot;size&quot;:-2,&quot;sizes&quot;:[]},&quot;_transform_translateY_effect_mobile&quot;:{&quot;unit&quot;:&quot;px&quot;,&quot;size&quot;:-27,&quot;sizes&quot;:[]},&quot;_transform_scale_effect_mobile&quot;:{&quot;unit&quot;:&quot;px&quot;,&quot;size&quot;:1,&quot;sizes&quot;:[]},&quot;_transform_translateX_effect_tablet&quot;:{&quot;unit&quot;:&quot;px&quot;,&quot;size&quot;:&quot;&quot;,&quot;sizes&quot;:[]},&quot;_transform_translateY_effect_tablet&quot;:{&quot;unit&quot;:&quot;px&quot;,&quot;size&quot;:&quot;&quot;,&quot;sizes&quot;:[]},&quot;_transform_scale_effect_tablet&quot;:{&quot;unit&quot;:&quot;px&quot;,&quot;size&quot;:&quot;&quot;,&quot;sizes&quot;:[]}}\" data-widget_type=\"image.default\">\n\t\t\t\t<div class=\"elementor-widget-container\">\n\t\t\t\t\t\t\t\t\t\t\t\t\t\t\t\t<a href=\"https:\/\/planchescontact.fr\/en\/\">\n\t\t\t\t\t\t\t<img fetchpriority=\"high\" decoding=\"async\" width=\"1290\" height=\"750\" src=\"https:\/\/planchescontact.fr\/wp-content\/uploads\/2025\/06\/logo-rouge.png\" class=\"attachment-full size-full wp-image-2499\" alt=\"\" srcset=\"https:\/\/planchescontact.fr\/wp-content\/uploads\/2025\/06\/logo-rouge.png 1290w, https:\/\/planchescontact.fr\/wp-content\/uploads\/2025\/06\/logo-rouge-300x174.png 300w, https:\/\/planchescontact.fr\/wp-content\/uploads\/2025\/06\/logo-rouge-1024x595.png 1024w, https:\/\/planchescontact.fr\/wp-content\/uploads\/2025\/06\/logo-rouge-768x447.png 768w\" sizes=\"(max-width: 1290px) 100vw, 1290px\" \/>\t\t\t\t\t\t\t\t<\/a>\n\t\t\t\t\t\t\t\t\t\t\t\t\t\t\t<\/div>\n\t\t\t\t<\/div>\n\t\t<div class=\"elementor-element elementor-element-2b04500c e-con-full e-flex e-con e-child\" data-id=\"2b04500c\" data-element_type=\"container\">\n\t\t\t\t<div class=\"elementor-element elementor-element-3b2329f1 elementor-widget elementor-widget-text-editor\" data-id=\"3b2329f1\" data-element_type=\"widget\" data-widget_type=\"text-editor.default\">\n\t\t\t\t<div class=\"elementor-widget-container\">\n\t\t\t\t\t\t\t\t\t<p><strong>Young Photographic Creation<\/strong><\/p>\t\t\t\t\t\t\t\t<\/div>\n\t\t\t\t<\/div>\n\t\t\t\t<\/div>\n\t\t<div class=\"elementor-element elementor-element-4ad744d1 e-con-full e-flex e-con e-child\" data-id=\"4ad744d1\" data-element_type=\"container\">\n\t\t\t\t<div class=\"elementor-element elementor-element-6932e4a4 elementor-widget elementor-widget-text-editor\" data-id=\"6932e4a4\" data-element_type=\"widget\" data-widget_type=\"text-editor.default\">\n\t\t\t\t<div class=\"elementor-widget-container\">\n\t\t\t\t\t\t\t\t\t<p><strong>Call for applications<\/strong><\/p>\t\t\t\t\t\t\t\t<\/div>\n\t\t\t\t<\/div>\n\t\t\t\t<\/div>\n\t\t<div class=\"elementor-element elementor-element-b6c9c93 e-con-full e-flex e-con e-child\" data-id=\"b6c9c93\" data-element_type=\"container\">\n\t\t\t\t<div class=\"elementor-element elementor-element-dbd96a7 elementor-widget elementor-widget-text-editor\" data-id=\"dbd96a7\" data-element_type=\"widget\" data-widget_type=\"text-editor.default\">\n\t\t\t\t<div class=\"elementor-widget-container\">\n\t\t\t\t\t\t\t\t\t<p><strong>Deadline<\/strong><br \/><strong>15th December 2025<\/strong><\/p>\t\t\t\t\t\t\t\t<\/div>\n\t\t\t\t<\/div>\n\t\t\t\t<\/div>\n\t\t<div class=\"elementor-element elementor-element-12de596a e-con-full elementor-hidden-mobile e-flex e-con e-child\" data-id=\"12de596a\" data-element_type=\"container\">\n\t\t\t\t<\/div>\n\t\t\t\t<\/div>\n\t\t\t\t<\/div>\n\t\t\t\t\t<\/div>\n\t\t\t\t<\/div>\n\t\t<div class=\"elementor-element elementor-element-d773a3f e-flex e-con-boxed e-con e-parent\" data-id=\"d773a3f\" data-element_type=\"container\">\n\t\t\t\t\t<div class=\"e-con-inner\">\n\t\t<div class=\"elementor-element elementor-element-428e9ef e-con-full e-flex e-con e-child\" data-id=\"428e9ef\" data-element_type=\"container\">\n\t\t\t\t<div class=\"elementor-element elementor-element-2f987ad elementor-widget elementor-widget-text-editor\" data-id=\"2f987ad\" data-element_type=\"widget\" data-widget_type=\"text-editor.default\">\n\t\t\t\t<div class=\"elementor-widget-container\">\n\t\t\t\t\t\t\t\t\t<p><span style=\"text-decoration: underline;\">call for applications<\/span><\/p>\t\t\t\t\t\t\t\t<\/div>\n\t\t\t\t<\/div>\n\t\t<div class=\"elementor-element elementor-element-7181984 e-grid e-con-full e-con e-child\" data-id=\"7181984\" data-element_type=\"container\">\n\t\t\t\t<div class=\"elementor-element elementor-element-b008901 elementor-widget elementor-widget-text-editor\" data-id=\"b008901\" data-element_type=\"widget\" data-widget_type=\"text-editor.default\">\n\t\t\t\t<div class=\"elementor-widget-container\">\n\t\t\t\t\t\t\t\t\t<p><strong>Planches Contact Festival is launching its call for entries for the 2026 Young Photographic Creation Award, open to photographers under the age of 35. The aim of this award is to support and nurture emerging talent by promoting the production of new works and artistic experimentation in Normandy.<\/strong><\/p>\t\t\t\t\t\t\t\t<\/div>\n\t\t\t\t<\/div>\n\t\t\t\t<div class=\"elementor-element elementor-element-5d36f13 elementor-widget elementor-widget-text-editor\" data-id=\"5d36f13\" data-element_type=\"widget\" data-widget_type=\"text-editor.default\">\n\t\t\t\t<div class=\"elementor-widget-container\">\n\t\t\t\t\t\t\t\t\t<p><strong><span style=\"color: #f84242;\">A GRANT AND A RESIDENCY TO CREATE<\/span><\/strong><\/p><p>The winners will receive a grant of \u20ac6,000, divided equally between artistic remuneration (\u20ac3,000) and exhibition production (\u20ac3,000). They will also be invited to an artistic residency in Deauville between February and June 2026, where they will immerse themselves in the Normandy region alongside the festival's other guest artists. The works produced will be exhibited as part of the Planches Contact Festival, which will take place from 17 October 2026 to 3 January 2027.<\/p>\t\t\t\t\t\t\t\t<\/div>\n\t\t\t\t<\/div>\n\t\t\t\t<div class=\"elementor-element elementor-element-a9830f5 elementor-widget elementor-widget-text-editor\" data-id=\"a9830f5\" data-element_type=\"widget\" data-widget_type=\"text-editor.default\">\n\t\t\t\t<div class=\"elementor-widget-container\">\n\t\t\t\t\t\t\t\t\t<p><strong><span style=\"color: #f84242;\">WHO IS THE PRIZE FOR?<\/span><\/strong><\/p><p>L\u2019appel s\u2019adresse aux photographes en d\u00e9but de carri\u00e8re ou \u00e9tudiants, qu\u2019ils pr\u00e9sentent un projet individuel ou collectif. La participation est gratuite et ouverte aux photographes du monde entier, \u00e2g\u00e9s de 18 \u00e0 35 ans (inclus), sans obligation de parcours scolaire ou de r\u00e9f\u00e9rences pr\u00e9alables.<\/p>\t\t\t\t\t\t\t\t<\/div>\n\t\t\t\t<\/div>\n\t\t\t\t<div class=\"elementor-element elementor-element-2ef8b4d elementor-widget elementor-widget-text-editor\" data-id=\"2ef8b4d\" data-element_type=\"widget\" data-widget_type=\"text-editor.default\">\n\t\t\t\t<div class=\"elementor-widget-container\">\n\t\t\t\t\t\t\t\t\t<p><strong><span style=\"color: #f84242;\">RESIDENCY PERIODS 2026<\/span><\/strong><\/p><p>\u2022 16 to 28 February<br \/>\u2022 13 to 27 March<br \/>\u2022 May 11 to 21<br \/>\u2022 1st to 14th June<\/p><p>The selected photographers must be available for a minimum of three periods.<\/p>\t\t\t\t\t\t\t\t<\/div>\n\t\t\t\t<\/div>\n\t\t\t\t<\/div>\n\t\t\t\t<\/div>\n\t\t\t\t\t<\/div>\n\t\t\t\t<\/div>\n\t\t<div class=\"elementor-element elementor-element-a67d06b e-flex e-con-boxed e-con e-parent\" data-id=\"a67d06b\" data-element_type=\"container\" data-settings=\"{&quot;background_background&quot;:&quot;classic&quot;}\">\n\t\t\t\t\t<div class=\"e-con-inner\">\n\t\t<div class=\"elementor-element elementor-element-365b1b1 e-con-full e-flex e-con e-child\" data-id=\"365b1b1\" data-element_type=\"container\">\n\t\t\t\t<div class=\"elementor-element elementor-element-e8aa86a elementor-widget elementor-widget-text-editor\" data-id=\"e8aa86a\" data-element_type=\"widget\" data-widget_type=\"text-editor.default\">\n\t\t\t\t<div class=\"elementor-widget-container\">\n\t\t\t\t\t\t\t\t\t<p><span style=\"text-decoration: underline;\">l&rsquo;appel \u00e0 candidature pour le prix de le jeune cr\u00e9ation photographique 2026 est d\u00e9sormais cl\u00f4tur\u00e9<\/span><\/p>\t\t\t\t\t\t\t\t<\/div>\n\t\t\t\t<\/div>\n\t\t\t\t<\/div>\n\t\t\t\t\t<\/div>\n\t\t\t\t<\/div>\n\t\t<div class=\"elementor-element elementor-element-0c655ab e-flex e-con-boxed e-con e-parent\" data-id=\"0c655ab\" data-element_type=\"container\">\n\t\t\t\t\t<div class=\"e-con-inner\">\n\t\t<div class=\"elementor-element elementor-element-8dae922 e-con-full e-flex e-con e-child\" data-id=\"8dae922\" data-element_type=\"container\">\n\t\t\t\t<div class=\"elementor-element elementor-element-aebeacc elementor-widget elementor-widget-text-editor\" data-id=\"aebeacc\" data-element_type=\"widget\" data-widget_type=\"text-editor.default\">\n\t\t\t\t<div class=\"elementor-widget-container\">\n\t\t\t\t\t\t\t\t\t<p><strong><span style=\"color: #f84242;\">THE YOUNG PHOTOGRAPHIC CREATION AWARD<\/span><\/strong><\/p><p>The Young Photographic Creation Award invites young photographers to develop innovative projects and explore new artistic expressions. Selected artists receive support at every stage: from conception to production of the works, right through to the staging of their exhibition during the festival. Residencies in Normandy provide an ideal setting for research, encounters and experimentation. The works produced will enjoy national and international visibility at the 2026 Planches Contact Festival. This prize is supported by Fnac, Villa P\u00e9rochon in Niort and the In Cadaqu\u00e9s festival, loyal partners committed to promoting young photographic creation.<\/p>\t\t\t\t\t\t\t\t<\/div>\n\t\t\t\t<\/div>\n\t\t\t\t<div class=\"elementor-element elementor-element-ec4330d elementor-widget elementor-widget-text-editor\" data-id=\"ec4330d\" data-element_type=\"widget\" data-widget_type=\"text-editor.default\">\n\t\t\t\t<div class=\"elementor-widget-container\">\n\t\t\t\t\t\t\t\t\t<p><strong><span style=\"color: #f84242;\">A JURY OF PRESTIGIOUS EXPERTS<\/span><\/strong><\/p><p>The jury, chaired by Rima Abdul Malak, brings together renowned figures from the worlds of photography, art and culture:<\/p><p>\u2022 <strong>Rima Abdul Malak<\/strong>, chairperson of the jury<br \/>\u2022 <strong>Philippe Augier<\/strong>, Mayor of Deauville and President of Les Franciscaines<br \/>\u2022 <strong>\u00c9douard Carmignac<\/strong>, founder of the Carmignac Foundation<br \/>\u2022 <strong>Lionel Charrier<\/strong>, director of photography at Lib\u00e9ration &amp; co-artistic director of Planches Contact Festival<br \/>\u2022 <strong>Babeth Djian<\/strong>, editor-in-chief of Num\u00e9ro magazine<br \/>\u2022 <strong>Alain Genestar<\/strong>, founder of Polka magazine<br \/>\u2022 <strong>Philippe Guionie<\/strong>, Director of Villa P\u00e9rochon<br \/>\u2022 <strong>Thierry Grillet<\/strong>, essayist and curator<br \/>\u2022 <strong>Marin Karmitz<\/strong>, founder of mk2 cinemas<br \/>\u2022 <strong>Nicolas Jimenez<\/strong>, director of photography at Le Monde<br \/>\u2022 <strong>Anne Lacoste<\/strong>, Director of the Hauts-de-France Institute for Photography, Lille<br \/>\u2022 <strong>Caroline Stein<\/strong>, Head of Sponsorship, Foundation Administrator and Curator of the Neuflize OBC Collection<br \/>\u2022 <strong>Jonas Tebib<\/strong>, co-artistic director of Planches Contact Festival<br \/>\u2022 <strong>C\u00e9cile Trunet-Favre<\/strong>, Director of Communications and Public Affairs for the Fnac Group<\/p>\t\t\t\t\t\t\t\t<\/div>\n\t\t\t\t<\/div>\n\t\t\t\t<\/div>\n\t\t\t\t\t<\/div>\n\t\t\t\t<\/div>\n\t\t<div class=\"elementor-element elementor-element-bd3f725 e-flex e-con-boxed e-con e-parent\" data-id=\"bd3f725\" data-element_type=\"container\">\n\t\t\t\t\t<div class=\"e-con-inner\">\n\t\t\t\t<div class=\"elementor-element elementor-element-b022b84 elementor-widget elementor-widget-html\" data-id=\"b022b84\" data-element_type=\"widget\" data-widget_type=\"html.default\">\n\t\t\t\t<div class=\"elementor-widget-container\">\n\t\t\t\t\t<style>\n\/* Couleur de fond Hover de l'Hamburger *\/\n.elementor-nav-menu--dropdown .elementor-item.elementor-item-active, .elementor-nav-menu--dropdown .elementor-item.highlighted, .elementor-nav-menu--dropdown .elementor-item:focus, .elementor-nav-menu--dropdown .elementor-item:hover, .elementor-sub-item.elementor-item-active, .elementor-sub-item.highlighted, .elementor-sub-item:focus, .elementor-sub-item:hover {\n  background-color: #FFE372;\n}\n\n\/* Couleur tu texte en hover\/focus de l'Hamburger et de ses liens *\/\n.elementor-499 .elementor-element.elementor-element-f0c4c6a .elementor-nav-menu--dropdown a:hover,\n.elementor-499 .elementor-element.elementor-element-f0c4c6a .elementor-nav-menu--dropdown a:focus,\n.elementor-499 .elementor-element.elementor-element-f0c4c6a .elementor-menu-toggle:hover,\n.elementor-499 .elementor-element.elementor-element-f0c4c6a .elementor-menu-toggle:focus {\n  color: #ffffff;\n}\n\n\n\/* Centre l\u00e9g\u00e8rement le texte de l'Hamburger *\/\n\n\n@media (max-width: 767px) {\n  .elementor-nav-menu--dropdown a {\n    padding-left: 8px !important;\n  }\n}\n\n\n\n\/* Repositionne l'Hamburger *\/\n@media (max-width: 767px) {\n  .elementor-nav-menu--toggle .elementor-menu-toggle.elementor-active + .elementor-nav-menu__container {\n    margin-top: 2px;\n  }\n}\n<\/style>\n<script>\n\/* Fermeture automatique de l'Hamburger *\/\n  document.querySelectorAll('.elementor-item.elementor-item-anchor').forEach(function(item) {\n    item.addEventListener('click', function() {\n      const toggleButton = document.querySelector('.elementor-menu-toggle.elementor-active');\n      if (toggleButton) {\n        toggleButton.click();\n      }\n    });\n  });\n<\/script>\t\t\t\t<\/div>\n\t\t\t\t<\/div>\n\t\t\t\t\t<\/div>\n\t\t\t\t<\/div>\n\t\t\t\t<\/div>","protected":false},"excerpt":{"rendered":"<p>Jeune Cr\u00e9ation Photographique Appel \u00e0 candidature Date limite15 d\u00e9cembre 2025 appel \u00e0 candidatures Planches Contact Festival lance son appel \u00e0 candidatures pour le Prix de la Jeune Cr\u00e9ation Photographique 2026, [&hellip;]<\/p>","protected":false},"author":1,"featured_media":0,"parent":0,"menu_order":0,"comment_status":"closed","ping_status":"closed","template":"","meta":{"footnotes":""},"class_list":["post-10138","page","type-page","status-publish","hentry"],"yoast_head":"<!-- This site is optimized with the Yoast SEO plugin v26.3 - https:\/\/yoast.com\/wordpress\/plugins\/seo\/ -->\n<title>Appel \u00e0 candidatures Jeune Creation Photographique - Planches Contact Festival<\/title>\n<meta name=\"robots\" content=\"index, follow, max-snippet:-1, max-image-preview:large, max-video-preview:-1\" \/>\n<link rel=\"canonical\" href=\"https:\/\/planchescontact.fr\/en\/appel-a-candidatures\/\" \/>\n<meta property=\"og:locale\" content=\"en_GB\" \/>\n<meta property=\"og:type\" content=\"article\" \/>\n<meta property=\"og:title\" content=\"Appel \u00e0 candidatures Jeune Creation Photographique - Planches Contact Festival\" \/>\n<meta property=\"og:description\" content=\"Jeune Cr\u00e9ation Photographique Appel \u00e0 candidature Date limite15 d\u00e9cembre 2025 appel \u00e0 candidatures Planches Contact Festival lance son appel \u00e0 candidatures pour le Prix de la Jeune Cr\u00e9ation Photographique 2026, [&hellip;]\" \/>\n<meta property=\"og:url\" content=\"https:\/\/planchescontact.fr\/en\/appel-a-candidatures\/\" \/>\n<meta property=\"og:site_name\" content=\"Planches Contact Festival\" \/>\n<meta property=\"article:modified_time\" content=\"2025-12-21T10:31:13+00:00\" \/>\n<meta property=\"og:image\" content=\"https:\/\/planchescontact.fr\/wp-content\/uploads\/2025\/06\/logo-rouge.png\" \/>\n\t<meta property=\"og:image:width\" content=\"1290\" \/>\n\t<meta property=\"og:image:height\" content=\"750\" \/>\n\t<meta property=\"og:image:type\" content=\"image\/png\" \/>\n<meta name=\"twitter:card\" content=\"summary_large_image\" \/>\n<meta name=\"twitter:label1\" content=\"Estimated reading time\" \/>\n\t<meta name=\"twitter:data1\" content=\"3 minutes\" \/>\n<script type=\"application\/ld+json\" class=\"yoast-schema-graph\">{\"@context\":\"https:\/\/schema.org\",\"@graph\":[{\"@type\":\"WebPage\",\"@id\":\"https:\/\/planchescontact.fr\/appel-a-candidatures\/\",\"url\":\"https:\/\/planchescontact.fr\/appel-a-candidatures\/\",\"name\":\"Appel \u00e0 candidatures Jeune Creation Photographique - Planches Contact Festival\",\"isPartOf\":{\"@id\":\"https:\/\/planchescontact.fr\/#website\"},\"primaryImageOfPage\":{\"@id\":\"https:\/\/planchescontact.fr\/appel-a-candidatures\/#primaryimage\"},\"image\":{\"@id\":\"https:\/\/planchescontact.fr\/appel-a-candidatures\/#primaryimage\"},\"thumbnailUrl\":\"https:\/\/planchescontact.fr\/wp-content\/uploads\/2025\/06\/logo-rouge.png\",\"datePublished\":\"2025-11-05T15:20:22+00:00\",\"dateModified\":\"2025-12-21T10:31:13+00:00\",\"breadcrumb\":{\"@id\":\"https:\/\/planchescontact.fr\/appel-a-candidatures\/#breadcrumb\"},\"inLanguage\":\"en-GB\",\"potentialAction\":[{\"@type\":\"ReadAction\",\"target\":[\"https:\/\/planchescontact.fr\/appel-a-candidatures\/\"]}]},{\"@type\":\"ImageObject\",\"inLanguage\":\"en-GB\",\"@id\":\"https:\/\/planchescontact.fr\/appel-a-candidatures\/#primaryimage\",\"url\":\"https:\/\/planchescontact.fr\/wp-content\/uploads\/2025\/06\/logo-rouge.png\",\"contentUrl\":\"https:\/\/planchescontact.fr\/wp-content\/uploads\/2025\/06\/logo-rouge.png\"},{\"@type\":\"BreadcrumbList\",\"@id\":\"https:\/\/planchescontact.fr\/appel-a-candidatures\/#breadcrumb\",\"itemListElement\":[{\"@type\":\"ListItem\",\"position\":1,\"name\":\"Accueil\",\"item\":\"https:\/\/planchescontact.fr\/\"},{\"@type\":\"ListItem\",\"position\":2,\"name\":\"Appel \u00e0 candidatures Jeune Creation Photographique\"}]},{\"@type\":\"WebSite\",\"@id\":\"https:\/\/planchescontact.fr\/#website\",\"url\":\"https:\/\/planchescontact.fr\/\",\"name\":\"Planches Contact Festival\",\"description\":\"Deauville Photographie\",\"publisher\":{\"@id\":\"https:\/\/planchescontact.fr\/#organization\"},\"potentialAction\":[{\"@type\":\"SearchAction\",\"target\":{\"@type\":\"EntryPoint\",\"urlTemplate\":\"https:\/\/planchescontact.fr\/?s={search_term_string}\"},\"query-input\":{\"@type\":\"PropertyValueSpecification\",\"valueRequired\":true,\"valueName\":\"search_term_string\"}}],\"inLanguage\":\"en-GB\"},{\"@type\":\"Organization\",\"@id\":\"https:\/\/planchescontact.fr\/#organization\",\"name\":\"Planches Contact Festival\",\"url\":\"https:\/\/planchescontact.fr\/\",\"logo\":{\"@type\":\"ImageObject\",\"inLanguage\":\"en-GB\",\"@id\":\"https:\/\/planchescontact.fr\/#\/schema\/logo\/image\/\",\"url\":\"https:\/\/planchescontact.fr\/wp-content\/uploads\/2025\/04\/PC2025_noir-scaled.png\",\"contentUrl\":\"https:\/\/planchescontact.fr\/wp-content\/uploads\/2025\/04\/PC2025_noir-scaled.png\",\"width\":2560,\"height\":1455,\"caption\":\"Planches Contact Festival\"},\"image\":{\"@id\":\"https:\/\/planchescontact.fr\/#\/schema\/logo\/image\/\"},\"sameAs\":[\"https:\/\/www.instagram.com\/planchescontactfestival\"]}]}<\/script>\n<!-- \/ Yoast SEO plugin. -->","yoast_head_json":{"title":"Appel \u00e0 candidatures Jeune Creation Photographique - Planches Contact Festival","robots":{"index":"index","follow":"follow","max-snippet":"max-snippet:-1","max-image-preview":"max-image-preview:large","max-video-preview":"max-video-preview:-1"},"canonical":"https:\/\/planchescontact.fr\/en\/appel-a-candidatures\/","og_locale":"en_GB","og_type":"article","og_title":"Appel \u00e0 candidatures Jeune Creation Photographique - Planches Contact Festival","og_description":"Jeune Cr\u00e9ation Photographique Appel \u00e0 candidature Date limite15 d\u00e9cembre 2025 appel \u00e0 candidatures Planches Contact Festival lance son appel \u00e0 candidatures pour le Prix de la Jeune Cr\u00e9ation Photographique 2026, [&hellip;]","og_url":"https:\/\/planchescontact.fr\/en\/appel-a-candidatures\/","og_site_name":"Planches Contact Festival","article_modified_time":"2025-12-21T10:31:13+00:00","og_image":[{"width":1290,"height":750,"url":"https:\/\/planchescontact.fr\/wp-content\/uploads\/2025\/06\/logo-rouge.png","type":"image\/png"}],"twitter_card":"summary_large_image","twitter_misc":{"Estimated reading time":"3 minutes"},"schema":{"@context":"https:\/\/schema.org","@graph":[{"@type":"WebPage","@id":"https:\/\/planchescontact.fr\/appel-a-candidatures\/","url":"https:\/\/planchescontact.fr\/appel-a-candidatures\/","name":"Appel \u00e0 candidatures Jeune Creation Photographique - Planches Contact Festival","isPartOf":{"@id":"https:\/\/planchescontact.fr\/#website"},"primaryImageOfPage":{"@id":"https:\/\/planchescontact.fr\/appel-a-candidatures\/#primaryimage"},"image":{"@id":"https:\/\/planchescontact.fr\/appel-a-candidatures\/#primaryimage"},"thumbnailUrl":"https:\/\/planchescontact.fr\/wp-content\/uploads\/2025\/06\/logo-rouge.png","datePublished":"2025-11-05T15:20:22+00:00","dateModified":"2025-12-21T10:31:13+00:00","breadcrumb":{"@id":"https:\/\/planchescontact.fr\/appel-a-candidatures\/#breadcrumb"},"inLanguage":"en-GB","potentialAction":[{"@type":"ReadAction","target":["https:\/\/planchescontact.fr\/appel-a-candidatures\/"]}]},{"@type":"ImageObject","inLanguage":"en-GB","@id":"https:\/\/planchescontact.fr\/appel-a-candidatures\/#primaryimage","url":"https:\/\/planchescontact.fr\/wp-content\/uploads\/2025\/06\/logo-rouge.png","contentUrl":"https:\/\/planchescontact.fr\/wp-content\/uploads\/2025\/06\/logo-rouge.png"},{"@type":"BreadcrumbList","@id":"https:\/\/planchescontact.fr\/appel-a-candidatures\/#breadcrumb","itemListElement":[{"@type":"ListItem","position":1,"name":"Accueil","item":"https:\/\/planchescontact.fr\/"},{"@type":"ListItem","position":2,"name":"Appel \u00e0 candidatures Jeune Creation Photographique"}]},{"@type":"WebSite","@id":"https:\/\/planchescontact.fr\/#website","url":"https:\/\/planchescontact.fr\/","name":"Planches Contact Festival","description":"Deauville Photographie","publisher":{"@id":"https:\/\/planchescontact.fr\/#organization"},"potentialAction":[{"@type":"SearchAction","target":{"@type":"EntryPoint","urlTemplate":"https:\/\/planchescontact.fr\/?s={search_term_string}"},"query-input":{"@type":"PropertyValueSpecification","valueRequired":true,"valueName":"search_term_string"}}],"inLanguage":"en-GB"},{"@type":"Organization","@id":"https:\/\/planchescontact.fr\/#organization","name":"Planches Contact Festival","url":"https:\/\/planchescontact.fr\/","logo":{"@type":"ImageObject","inLanguage":"en-GB","@id":"https:\/\/planchescontact.fr\/#\/schema\/logo\/image\/","url":"https:\/\/planchescontact.fr\/wp-content\/uploads\/2025\/04\/PC2025_noir-scaled.png","contentUrl":"https:\/\/planchescontact.fr\/wp-content\/uploads\/2025\/04\/PC2025_noir-scaled.png","width":2560,"height":1455,"caption":"Planches Contact Festival"},"image":{"@id":"https:\/\/planchescontact.fr\/#\/schema\/logo\/image\/"},"sameAs":["https:\/\/www.instagram.com\/planchescontactfestival"]}]}},"_links":{"self":[{"href":"https:\/\/planchescontact.fr\/en\/wp-json\/wp\/v2\/pages\/10138","targetHints":{"allow":["GET"]}}],"collection":[{"href":"https:\/\/planchescontact.fr\/en\/wp-json\/wp\/v2\/pages"}],"about":[{"href":"https:\/\/planchescontact.fr\/en\/wp-json\/wp\/v2\/types\/page"}],"author":[{"embeddable":true,"href":"https:\/\/planchescontact.fr\/en\/wp-json\/wp\/v2\/users\/1"}],"replies":[{"embeddable":true,"href":"https:\/\/planchescontact.fr\/en\/wp-json\/wp\/v2\/comments?post=10138"}],"version-history":[{"count":41,"href":"https:\/\/planchescontact.fr\/en\/wp-json\/wp\/v2\/pages\/10138\/revisions"}],"predecessor-version":[{"id":10353,"href":"https:\/\/planchescontact.fr\/en\/wp-json\/wp\/v2\/pages\/10138\/revisions\/10353"}],"wp:attachment":[{"href":"https:\/\/planchescontact.fr\/en\/wp-json\/wp\/v2\/media?parent=10138"}],"curies":[{"name":"wp","href":"https:\/\/api.w.org\/{rel}","templated":true}]}}