{"id":5307,"date":"2025-09-06T11:18:16","date_gmt":"2025-09-06T09:18:16","guid":{"rendered":"https:\/\/planchescontact.fr\/?page_id=5307"},"modified":"2025-09-10T21:14:00","modified_gmt":"2025-09-10T19:14:00","slug":"lecteur-polka","status":"publish","type":"page","link":"https:\/\/planchescontact.fr\/en\/lecteur-polka\/","title":{"rendered":"Lecteur-polka"},"content":{"rendered":"<div data-elementor-type=\"wp-page\" data-elementor-id=\"5307\" class=\"elementor elementor-5307\" data-elementor-post-type=\"page\">\n\t\t\t\t<div class=\"elementor-element elementor-element-7a711551 e-flex e-con-boxed e-con e-parent\" data-id=\"7a711551\" data-element_type=\"container\">\n\t\t\t\t\t<div class=\"e-con-inner\">\n\t\t<div class=\"elementor-element elementor-element-1b5cb3fc e-con-full e-flex e-con e-child\" data-id=\"1b5cb3fc\" data-element_type=\"container\">\n\t\t<div class=\"elementor-element elementor-element-5fde66c4 e-grid e-con-full e-transform e-con e-child\" data-id=\"5fde66c4\" data-element_type=\"container\" data-settings=\"{&quot;_transform_translateY_effect&quot;:{&quot;unit&quot;:&quot;px&quot;,&quot;size&quot;:140,&quot;sizes&quot;:[]},&quot;_transform_translateX_effect&quot;:{&quot;unit&quot;:&quot;px&quot;,&quot;size&quot;:&quot;&quot;,&quot;sizes&quot;:[]},&quot;_transform_translateX_effect_tablet&quot;:{&quot;unit&quot;:&quot;px&quot;,&quot;size&quot;:&quot;&quot;,&quot;sizes&quot;:[]},&quot;_transform_translateX_effect_mobile&quot;:{&quot;unit&quot;:&quot;px&quot;,&quot;size&quot;:&quot;&quot;,&quot;sizes&quot;:[]},&quot;_transform_translateY_effect_tablet&quot;:{&quot;unit&quot;:&quot;px&quot;,&quot;size&quot;:&quot;&quot;,&quot;sizes&quot;:[]},&quot;_transform_translateY_effect_mobile&quot;:{&quot;unit&quot;:&quot;px&quot;,&quot;size&quot;:&quot;&quot;,&quot;sizes&quot;:[]}}\">\n\t\t\t\t<div class=\"elementor-element elementor-element-3a9c01ce elementor-widget__width-initial e-transform e-transform elementor-widget elementor-widget-image\" data-id=\"3a9c01ce\" data-element_type=\"widget\" data-settings=\"{&quot;_transform_translateX_effect&quot;:{&quot;unit&quot;:&quot;px&quot;,&quot;size&quot;:1,&quot;sizes&quot;:[]},&quot;_transform_translateY_effect&quot;:{&quot;unit&quot;:&quot;px&quot;,&quot;size&quot;:-70,&quot;sizes&quot;:[]},&quot;_transform_scale_effect&quot;:{&quot;unit&quot;:&quot;px&quot;,&quot;size&quot;:1.3,&quot;sizes&quot;:[]},&quot;_transform_translateX_effect_mobile&quot;:{&quot;unit&quot;:&quot;px&quot;,&quot;size&quot;:-2,&quot;sizes&quot;:[]},&quot;_transform_translateY_effect_mobile&quot;:{&quot;unit&quot;:&quot;px&quot;,&quot;size&quot;:-27,&quot;sizes&quot;:[]},&quot;_transform_scale_effect_mobile&quot;:{&quot;unit&quot;:&quot;px&quot;,&quot;size&quot;:1,&quot;sizes&quot;:[]},&quot;_transform_translateX_effect_tablet&quot;:{&quot;unit&quot;:&quot;px&quot;,&quot;size&quot;:&quot;&quot;,&quot;sizes&quot;:[]},&quot;_transform_translateY_effect_tablet&quot;:{&quot;unit&quot;:&quot;px&quot;,&quot;size&quot;:&quot;&quot;,&quot;sizes&quot;:[]},&quot;_transform_scale_effect_tablet&quot;:{&quot;unit&quot;:&quot;px&quot;,&quot;size&quot;:&quot;&quot;,&quot;sizes&quot;:[]}}\" data-widget_type=\"image.default\">\n\t\t\t\t<div class=\"elementor-widget-container\">\n\t\t\t\t\t\t\t\t\t\t\t\t\t\t\t\t<a href=\"https:\/\/planchescontact.fr\/en\/\">\n\t\t\t\t\t\t\t<img fetchpriority=\"high\" decoding=\"async\" width=\"1290\" height=\"750\" src=\"https:\/\/planchescontact.fr\/wp-content\/uploads\/2025\/06\/logo-rouge.png\" class=\"attachment-full size-full wp-image-2499\" alt=\"\" srcset=\"https:\/\/planchescontact.fr\/wp-content\/uploads\/2025\/06\/logo-rouge.png 1290w, https:\/\/planchescontact.fr\/wp-content\/uploads\/2025\/06\/logo-rouge-300x174.png 300w, https:\/\/planchescontact.fr\/wp-content\/uploads\/2025\/06\/logo-rouge-1024x595.png 1024w, https:\/\/planchescontact.fr\/wp-content\/uploads\/2025\/06\/logo-rouge-768x447.png 768w\" sizes=\"(max-width: 1290px) 100vw, 1290px\" \/>\t\t\t\t\t\t\t\t<\/a>\n\t\t\t\t\t\t\t\t\t\t\t\t\t\t\t<\/div>\n\t\t\t\t<\/div>\n\t\t<div class=\"elementor-element elementor-element-76f804ab e-con-full e-flex e-con e-child\" data-id=\"76f804ab\" data-element_type=\"container\">\n\t\t\t\t<div class=\"elementor-element elementor-element-7adbf5c elementor-widget elementor-widget-text-editor\" data-id=\"7adbf5c\" data-element_type=\"widget\" data-widget_type=\"text-editor.default\">\n\t\t\t\t<div class=\"elementor-widget-container\">\n\t\t\t\t\t\t\t\t\t<p><strong>Lectures de portfolios<br \/><\/strong><\/p>\t\t\t\t\t\t\t\t<\/div>\n\t\t\t\t<\/div>\n\t\t\t\t<\/div>\n\t\t<div class=\"elementor-element elementor-element-eb7d07d e-con-full elementor-hidden-mobile e-flex e-con e-child\" data-id=\"eb7d07d\" data-element_type=\"container\">\n\t\t\t\t<div class=\"elementor-element elementor-element-2a782d74 elementor-widget elementor-widget-text-editor\" data-id=\"2a782d74\" data-element_type=\"widget\" data-widget_type=\"text-editor.default\">\n\t\t\t\t<div class=\"elementor-widget-container\">\n\t\t\t\t\t\t\t\t\t<strong>Expert 2025<\/strong>\t\t\t\t\t\t\t\t<\/div>\n\t\t\t\t<\/div>\n\t\t\t\t<\/div>\n\t\t<div class=\"elementor-element elementor-element-6a70054e e-con-full e-flex e-con e-child\" data-id=\"6a70054e\" data-element_type=\"container\">\n\t\t\t\t<div class=\"elementor-element elementor-element-ffd431a elementor-widget elementor-widget-image\" data-id=\"ffd431a\" data-element_type=\"widget\" data-widget_type=\"image.default\">\n\t\t\t\t<div class=\"elementor-widget-container\">\n\t\t\t\t\t\t\t\t\t\t\t\t\t\t\t<img decoding=\"async\" width=\"500\" height=\"75\" src=\"https:\/\/planchescontact.fr\/wp-content\/uploads\/2025\/09\/beck.png\" class=\"attachment-large size-large wp-image-5174\" alt=\"\" srcset=\"https:\/\/planchescontact.fr\/wp-content\/uploads\/2025\/09\/beck.png 500w, https:\/\/planchescontact.fr\/wp-content\/uploads\/2025\/09\/beck-300x45.png 300w, https:\/\/planchescontact.fr\/wp-content\/uploads\/2025\/09\/beck-18x3.png 18w\" sizes=\"(max-width: 500px) 100vw, 500px\" \/>\t\t\t\t\t\t\t\t\t\t\t\t\t\t\t<\/div>\n\t\t\t\t<\/div>\n\t\t\t\t<\/div>\n\t\t<div class=\"elementor-element elementor-element-46d83c58 e-con-full e-flex e-con e-child\" data-id=\"46d83c58\" data-element_type=\"container\">\n\t\t\t\t<div class=\"elementor-element elementor-element-e1fa84c elementor-widget__width-inherit elementor-widget elementor-widget-button\" data-id=\"e1fa84c\" data-element_type=\"widget\" data-widget_type=\"button.default\">\n\t\t\t\t<div class=\"elementor-widget-container\">\n\t\t\t\t\t\t\t\t\t<div class=\"elementor-button-wrapper\">\n\t\t\t\t\t<a class=\"elementor-button elementor-button-link elementor-size-sm\" href=\"https:\/\/planchescontact.fr\/en\/portfolios\/\">\n\t\t\t\t\t\t<span class=\"elementor-button-content-wrapper\">\n\t\t\t\t\t\t\t\t\t<span class=\"elementor-button-text\">&lt;&lt;  retour liste<\/span>\n\t\t\t\t\t<\/span>\n\t\t\t\t\t<\/a>\n\t\t\t\t<\/div>\n\t\t\t\t\t\t\t\t<\/div>\n\t\t\t\t<\/div>\n\t\t\t\t<\/div>\n\t\t\t\t<\/div>\n\t\t<div class=\"elementor-element elementor-element-1358a242 e-grid e-transform e-con-boxed e-con e-child\" data-id=\"1358a242\" data-element_type=\"container\" data-settings=\"{&quot;_transform_translateY_effect&quot;:{&quot;unit&quot;:&quot;px&quot;,&quot;size&quot;:140,&quot;sizes&quot;:[]},&quot;_transform_translateX_effect&quot;:{&quot;unit&quot;:&quot;px&quot;,&quot;size&quot;:&quot;&quot;,&quot;sizes&quot;:[]},&quot;_transform_translateX_effect_tablet&quot;:{&quot;unit&quot;:&quot;px&quot;,&quot;size&quot;:&quot;&quot;,&quot;sizes&quot;:[]},&quot;_transform_translateX_effect_mobile&quot;:{&quot;unit&quot;:&quot;px&quot;,&quot;size&quot;:&quot;&quot;,&quot;sizes&quot;:[]},&quot;_transform_translateY_effect_tablet&quot;:{&quot;unit&quot;:&quot;px&quot;,&quot;size&quot;:&quot;&quot;,&quot;sizes&quot;:[]},&quot;_transform_translateY_effect_mobile&quot;:{&quot;unit&quot;:&quot;px&quot;,&quot;size&quot;:&quot;&quot;,&quot;sizes&quot;:[]}}\">\n\t\t\t\t\t<div class=\"e-con-inner\">\n\t\t<div class=\"elementor-element elementor-element-7aa5e3b e-con-full e-flex e-con e-child\" data-id=\"7aa5e3b\" data-element_type=\"container\">\n\t\t<div class=\"elementor-element elementor-element-27ec5529 e-grid e-con-full e-con e-child\" data-id=\"27ec5529\" data-element_type=\"container\">\n\t\t<div class=\"elementor-element elementor-element-531c262 e-con-full e-flex e-con e-child\" data-id=\"531c262\" data-element_type=\"container\">\n\t\t\t\t<div class=\"elementor-element elementor-element-da2dc3d elementor-widget elementor-widget-text-editor\" data-id=\"da2dc3d\" data-element_type=\"widget\" data-widget_type=\"text-editor.default\">\n\t\t\t\t<div class=\"elementor-widget-container\">\n\t\t\t\t\t\t\t\t\t<p><strong>Polka magazine<br \/><\/strong><\/p>\t\t\t\t\t\t\t\t<\/div>\n\t\t\t\t<\/div>\n\t\t\t\t<div class=\"elementor-element elementor-element-70aac4f7 elementor-widget elementor-widget-text-editor\" data-id=\"70aac4f7\" data-element_type=\"widget\" data-widget_type=\"text-editor.default\">\n\t\t\t\t<div class=\"elementor-widget-container\">\n\t\t\t\t\t\t\t\t\t<p><strong>Dimitri Beck<\/strong> est r\u00e9dacteur en chef et directeur de la photographie de Polka (magazine, galerie et factory), qu\u2019il a cofond\u00e9 en 2008 aux c\u00f4t\u00e9s de la famille Genestar. Journaliste, il intervient r\u00e9guli\u00e8rement lors de conf\u00e9rences sur la narration par l\u2019image et enseigne au d\u00e9partement de journalisme de Sciences Po Paris ainsi qu\u2019\u00e0 l\u2019\u00e9cole photo Sp\u00e9os.<\/p><p>Il a tenu pendant plusieurs ann\u00e9es une chronique radio sur la photographie sur France Info et anime aujourd\u2019hui une chronique hebdomadaire sur TSF Jazz. De 2004 \u00e0 2006, il dirige l\u2019agence Aina Photo \u00e0 Kaboul, o\u00f9 il contribue \u00e0 la formation et \u00e0 la promotion d\u2019une g\u00e9n\u00e9ration de photographes afghans, tout en dirigeant le magazine bilingue <em>Les Nouvelles de Kaboul \/ New Afghanistan.<\/em> Auparavant, il a \u00e9t\u00e9 r\u00e9dacteur en chef de l\u2019agence photo Webistan de Reza, \u00e0 Paris.<\/p><p>Journaliste ind\u00e9pendant depuis 1998, il a travaill\u00e9 principalement en Asie centrale et dans le Caucase. N\u00e9 \u00e0 Paris en 1972, il a consacr\u00e9 toute sa carri\u00e8re \u00e0 la photographie et au photojournalisme.<\/p>\t\t\t\t\t\t\t\t<\/div>\n\t\t\t\t<\/div>\n\t\t\t\t<div class=\"elementor-element elementor-element-8362e03 elementor-widget elementor-widget-text-editor\" data-id=\"8362e03\" data-element_type=\"widget\" data-widget_type=\"text-editor.default\">\n\t\t\t\t<div class=\"elementor-widget-container\">\n\t\t\t\t\t\t\t\t\t<p><span style=\"text-decoration: underline;\"><strong>Horaires Lectures:<\/strong><\/span><\/p><p>Dimanche matin<\/p>\t\t\t\t\t\t\t\t<\/div>\n\t\t\t\t<\/div>\n\t\t\t\t<\/div>\n\t\t\t\t<\/div>\n\t\t\t\t<\/div>\n\t\t\t\t<div class=\"elementor-element elementor-element-81fa7aa elementor-widget elementor-widget-image\" data-id=\"81fa7aa\" data-element_type=\"widget\" data-widget_type=\"image.default\">\n\t\t\t\t<div class=\"elementor-widget-container\">\n\t\t\t\t\t\t\t\t\t\t\t\t\t\t\t<img decoding=\"async\" width=\"750\" height=\"750\" src=\"https:\/\/planchescontact.fr\/wp-content\/uploads\/2025\/09\/Beck-Dimitri.jpg\" class=\"attachment-large size-large wp-image-5115\" alt=\"\" srcset=\"https:\/\/planchescontact.fr\/wp-content\/uploads\/2025\/09\/Beck-Dimitri.jpg 750w, https:\/\/planchescontact.fr\/wp-content\/uploads\/2025\/09\/Beck-Dimitri-300x300.jpg 300w, https:\/\/planchescontact.fr\/wp-content\/uploads\/2025\/09\/Beck-Dimitri-150x150.jpg 150w, https:\/\/planchescontact.fr\/wp-content\/uploads\/2025\/09\/Beck-Dimitri-12x12.jpg 12w\" sizes=\"(max-width: 750px) 100vw, 750px\" \/>\t\t\t\t\t\t\t\t\t\t\t\t\t\t\t<\/div>\n\t\t\t\t<\/div>\n\t\t\t\t\t<\/div>\n\t\t\t\t<\/div>\n\t\t\t\t<\/div>\n\t\t\t\t\t<\/div>\n\t\t\t\t<\/div>\n\t\t<div class=\"elementor-element elementor-element-b7a95ba e-flex e-con-boxed e-con e-parent\" data-id=\"b7a95ba\" data-element_type=\"container\">\n\t\t\t\t\t<div class=\"e-con-inner\">\n\t\t\t\t<div class=\"elementor-element elementor-element-4f5a9ac elementor-widget elementor-widget-html\" data-id=\"4f5a9ac\" data-element_type=\"widget\" data-widget_type=\"html.default\">\n\t\t\t\t<div class=\"elementor-widget-container\">\n\t\t\t\t\t<style>\n\/* Couleur de fond Hover de l'Hamburger *\/\n.elementor-nav-menu--dropdown .elementor-item.elementor-item-active, .elementor-nav-menu--dropdown .elementor-item.highlighted, .elementor-nav-menu--dropdown .elementor-item:focus, .elementor-nav-menu--dropdown .elementor-item:hover, .elementor-sub-item.elementor-item-active, .elementor-sub-item.highlighted, .elementor-sub-item:focus, .elementor-sub-item:hover {\n  background-color: #FFE372;\n}\n\n\/* Couleur tu texte en hover\/focus de l'Hamburger et de ses liens *\/\n.elementor-499 .elementor-element.elementor-element-f0c4c6a .elementor-nav-menu--dropdown a:hover,\n.elementor-499 .elementor-element.elementor-element-f0c4c6a .elementor-nav-menu--dropdown a:focus,\n.elementor-499 .elementor-element.elementor-element-f0c4c6a .elementor-menu-toggle:hover,\n.elementor-499 .elementor-element.elementor-element-f0c4c6a .elementor-menu-toggle:focus {\n  color: #ffffff;\n}\n\n\n\/* Centre l\u00e9g\u00e8rement le texte de l'Hamburger *\/\n\n\n@media (max-width: 767px) {\n  .elementor-nav-menu--dropdown a {\n    padding-left: 8px !important;\n  }\n}\n\n\n\n\/* Repositionne l'Hamburger *\/\n@media (max-width: 767px) {\n  .elementor-nav-menu--toggle .elementor-menu-toggle.elementor-active + .elementor-nav-menu__container {\n    margin-top: 2px;\n  }\n}\n<\/style>\n<script>\n\/* Fermeture automatique de l'Hamburger *\/\n  document.querySelectorAll('.elementor-item.elementor-item-anchor').forEach(function(item) {\n    item.addEventListener('click', function() {\n      const toggleButton = document.querySelector('.elementor-menu-toggle.elementor-active');\n      if (toggleButton) {\n        toggleButton.click();\n      }\n    });\n  });\n<\/script>\t\t\t\t<\/div>\n\t\t\t\t<\/div>\n\t\t\t\t\t<\/div>\n\t\t\t\t<\/div>\n\t\t\t\t<\/div>","protected":false},"excerpt":{"rendered":"<p>Lectures de portfolios Expert 2025<\/p>","protected":false},"author":1,"featured_media":0,"parent":0,"menu_order":0,"comment_status":"closed","ping_status":"closed","template":"","meta":{"footnotes":""},"class_list":["post-5307","page","type-page","status-publish","hentry"],"yoast_head":"<!-- This site is optimized with the Yoast SEO plugin v26.3 - https:\/\/yoast.com\/wordpress\/plugins\/seo\/ -->\n<title>Lecteur-polka - Planches Contact Festival<\/title>\n<meta name=\"robots\" content=\"index, follow, max-snippet:-1, max-image-preview:large, max-video-preview:-1\" \/>\n<link rel=\"canonical\" href=\"https:\/\/planchescontact.fr\/en\/lecteur-polka\/\" \/>\n<meta property=\"og:locale\" content=\"en_GB\" \/>\n<meta property=\"og:type\" content=\"article\" \/>\n<meta property=\"og:title\" content=\"Lecteur-polka - Planches Contact Festival\" \/>\n<meta property=\"og:description\" content=\"Lectures de portfolios Expert 2025\" \/>\n<meta property=\"og:url\" content=\"https:\/\/planchescontact.fr\/en\/lecteur-polka\/\" \/>\n<meta property=\"og:site_name\" content=\"Planches Contact Festival\" \/>\n<meta property=\"article:modified_time\" content=\"2025-09-10T19:14:00+00:00\" \/>\n<meta property=\"og:image\" content=\"https:\/\/planchescontact.fr\/wp-content\/uploads\/2025\/06\/logo-rouge.png\" \/>\n\t<meta property=\"og:image:width\" content=\"1290\" \/>\n\t<meta property=\"og:image:height\" content=\"750\" \/>\n\t<meta property=\"og:image:type\" content=\"image\/png\" \/>\n<meta name=\"twitter:card\" content=\"summary_large_image\" \/>\n<script type=\"application\/ld+json\" class=\"yoast-schema-graph\">{\"@context\":\"https:\/\/schema.org\",\"@graph\":[{\"@type\":\"WebPage\",\"@id\":\"https:\/\/planchescontact.fr\/lecteur-polka\/\",\"url\":\"https:\/\/planchescontact.fr\/lecteur-polka\/\",\"name\":\"Lecteur-polka - Planches Contact Festival\",\"isPartOf\":{\"@id\":\"https:\/\/planchescontact.fr\/#website\"},\"primaryImageOfPage\":{\"@id\":\"https:\/\/planchescontact.fr\/lecteur-polka\/#primaryimage\"},\"image\":{\"@id\":\"https:\/\/planchescontact.fr\/lecteur-polka\/#primaryimage\"},\"thumbnailUrl\":\"https:\/\/planchescontact.fr\/wp-content\/uploads\/2025\/06\/logo-rouge.png\",\"datePublished\":\"2025-09-06T09:18:16+00:00\",\"dateModified\":\"2025-09-10T19:14:00+00:00\",\"breadcrumb\":{\"@id\":\"https:\/\/planchescontact.fr\/lecteur-polka\/#breadcrumb\"},\"inLanguage\":\"en-GB\",\"potentialAction\":[{\"@type\":\"ReadAction\",\"target\":[\"https:\/\/planchescontact.fr\/lecteur-polka\/\"]}]},{\"@type\":\"ImageObject\",\"inLanguage\":\"en-GB\",\"@id\":\"https:\/\/planchescontact.fr\/lecteur-polka\/#primaryimage\",\"url\":\"https:\/\/planchescontact.fr\/wp-content\/uploads\/2025\/06\/logo-rouge.png\",\"contentUrl\":\"https:\/\/planchescontact.fr\/wp-content\/uploads\/2025\/06\/logo-rouge.png\"},{\"@type\":\"BreadcrumbList\",\"@id\":\"https:\/\/planchescontact.fr\/lecteur-polka\/#breadcrumb\",\"itemListElement\":[{\"@type\":\"ListItem\",\"position\":1,\"name\":\"Accueil\",\"item\":\"https:\/\/planchescontact.fr\/\"},{\"@type\":\"ListItem\",\"position\":2,\"name\":\"Lecteur-polka\"}]},{\"@type\":\"WebSite\",\"@id\":\"https:\/\/planchescontact.fr\/#website\",\"url\":\"https:\/\/planchescontact.fr\/\",\"name\":\"Planches Contact Festival\",\"description\":\"Deauville Photographie\",\"publisher\":{\"@id\":\"https:\/\/planchescontact.fr\/#organization\"},\"potentialAction\":[{\"@type\":\"SearchAction\",\"target\":{\"@type\":\"EntryPoint\",\"urlTemplate\":\"https:\/\/planchescontact.fr\/?s={search_term_string}\"},\"query-input\":{\"@type\":\"PropertyValueSpecification\",\"valueRequired\":true,\"valueName\":\"search_term_string\"}}],\"inLanguage\":\"en-GB\"},{\"@type\":\"Organization\",\"@id\":\"https:\/\/planchescontact.fr\/#organization\",\"name\":\"Planches Contact Festival\",\"url\":\"https:\/\/planchescontact.fr\/\",\"logo\":{\"@type\":\"ImageObject\",\"inLanguage\":\"en-GB\",\"@id\":\"https:\/\/planchescontact.fr\/#\/schema\/logo\/image\/\",\"url\":\"https:\/\/planchescontact.fr\/wp-content\/uploads\/2025\/04\/PC2025_noir-scaled.png\",\"contentUrl\":\"https:\/\/planchescontact.fr\/wp-content\/uploads\/2025\/04\/PC2025_noir-scaled.png\",\"width\":2560,\"height\":1455,\"caption\":\"Planches Contact Festival\"},\"image\":{\"@id\":\"https:\/\/planchescontact.fr\/#\/schema\/logo\/image\/\"},\"sameAs\":[\"https:\/\/www.instagram.com\/planchescontactfestival\"]}]}<\/script>\n<!-- \/ Yoast SEO plugin. -->","yoast_head_json":{"title":"Lecteur-polka - Planches Contact Festival","robots":{"index":"index","follow":"follow","max-snippet":"max-snippet:-1","max-image-preview":"max-image-preview:large","max-video-preview":"max-video-preview:-1"},"canonical":"https:\/\/planchescontact.fr\/en\/lecteur-polka\/","og_locale":"en_GB","og_type":"article","og_title":"Lecteur-polka - Planches Contact Festival","og_description":"Lectures de portfolios Expert 2025","og_url":"https:\/\/planchescontact.fr\/en\/lecteur-polka\/","og_site_name":"Planches Contact Festival","article_modified_time":"2025-09-10T19:14:00+00:00","og_image":[{"width":1290,"height":750,"url":"https:\/\/planchescontact.fr\/wp-content\/uploads\/2025\/06\/logo-rouge.png","type":"image\/png"}],"twitter_card":"summary_large_image","schema":{"@context":"https:\/\/schema.org","@graph":[{"@type":"WebPage","@id":"https:\/\/planchescontact.fr\/lecteur-polka\/","url":"https:\/\/planchescontact.fr\/lecteur-polka\/","name":"Lecteur-polka - Planches Contact Festival","isPartOf":{"@id":"https:\/\/planchescontact.fr\/#website"},"primaryImageOfPage":{"@id":"https:\/\/planchescontact.fr\/lecteur-polka\/#primaryimage"},"image":{"@id":"https:\/\/planchescontact.fr\/lecteur-polka\/#primaryimage"},"thumbnailUrl":"https:\/\/planchescontact.fr\/wp-content\/uploads\/2025\/06\/logo-rouge.png","datePublished":"2025-09-06T09:18:16+00:00","dateModified":"2025-09-10T19:14:00+00:00","breadcrumb":{"@id":"https:\/\/planchescontact.fr\/lecteur-polka\/#breadcrumb"},"inLanguage":"en-GB","potentialAction":[{"@type":"ReadAction","target":["https:\/\/planchescontact.fr\/lecteur-polka\/"]}]},{"@type":"ImageObject","inLanguage":"en-GB","@id":"https:\/\/planchescontact.fr\/lecteur-polka\/#primaryimage","url":"https:\/\/planchescontact.fr\/wp-content\/uploads\/2025\/06\/logo-rouge.png","contentUrl":"https:\/\/planchescontact.fr\/wp-content\/uploads\/2025\/06\/logo-rouge.png"},{"@type":"BreadcrumbList","@id":"https:\/\/planchescontact.fr\/lecteur-polka\/#breadcrumb","itemListElement":[{"@type":"ListItem","position":1,"name":"Accueil","item":"https:\/\/planchescontact.fr\/"},{"@type":"ListItem","position":2,"name":"Lecteur-polka"}]},{"@type":"WebSite","@id":"https:\/\/planchescontact.fr\/#website","url":"https:\/\/planchescontact.fr\/","name":"Planches Contact Festival","description":"Deauville Photographie","publisher":{"@id":"https:\/\/planchescontact.fr\/#organization"},"potentialAction":[{"@type":"SearchAction","target":{"@type":"EntryPoint","urlTemplate":"https:\/\/planchescontact.fr\/?s={search_term_string}"},"query-input":{"@type":"PropertyValueSpecification","valueRequired":true,"valueName":"search_term_string"}}],"inLanguage":"en-GB"},{"@type":"Organization","@id":"https:\/\/planchescontact.fr\/#organization","name":"Planches Contact Festival","url":"https:\/\/planchescontact.fr\/","logo":{"@type":"ImageObject","inLanguage":"en-GB","@id":"https:\/\/planchescontact.fr\/#\/schema\/logo\/image\/","url":"https:\/\/planchescontact.fr\/wp-content\/uploads\/2025\/04\/PC2025_noir-scaled.png","contentUrl":"https:\/\/planchescontact.fr\/wp-content\/uploads\/2025\/04\/PC2025_noir-scaled.png","width":2560,"height":1455,"caption":"Planches Contact Festival"},"image":{"@id":"https:\/\/planchescontact.fr\/#\/schema\/logo\/image\/"},"sameAs":["https:\/\/www.instagram.com\/planchescontactfestival"]}]}},"_links":{"self":[{"href":"https:\/\/planchescontact.fr\/en\/wp-json\/wp\/v2\/pages\/5307","targetHints":{"allow":["GET"]}}],"collection":[{"href":"https:\/\/planchescontact.fr\/en\/wp-json\/wp\/v2\/pages"}],"about":[{"href":"https:\/\/planchescontact.fr\/en\/wp-json\/wp\/v2\/types\/page"}],"author":[{"embeddable":true,"href":"https:\/\/planchescontact.fr\/en\/wp-json\/wp\/v2\/users\/1"}],"replies":[{"embeddable":true,"href":"https:\/\/planchescontact.fr\/en\/wp-json\/wp\/v2\/comments?post=5307"}],"version-history":[{"count":30,"href":"https:\/\/planchescontact.fr\/en\/wp-json\/wp\/v2\/pages\/5307\/revisions"}],"predecessor-version":[{"id":6975,"href":"https:\/\/planchescontact.fr\/en\/wp-json\/wp\/v2\/pages\/5307\/revisions\/6975"}],"wp:attachment":[{"href":"https:\/\/planchescontact.fr\/en\/wp-json\/wp\/v2\/media?parent=5307"}],"curies":[{"name":"wp","href":"https:\/\/api.w.org\/{rel}","templated":true}]}}