{"id":8328,"date":"2025-09-22T12:05:46","date_gmt":"2025-09-22T10:05:46","guid":{"rendered":"https:\/\/planchescontact.fr\/?page_id=8328"},"modified":"2026-03-08T19:00:26","modified_gmt":"2026-03-08T18:00:26","slug":"archives_2019_lelouch","status":"publish","type":"page","link":"https:\/\/planchescontact.fr\/en\/archives_2019_lelouch\/","title":{"rendered":"Archives_2019_lelouch"},"content":{"rendered":"<div data-elementor-type=\"wp-page\" data-elementor-id=\"8328\" class=\"elementor elementor-8328\" data-elementor-post-type=\"page\">\n\t\t\t\t<div class=\"elementor-element elementor-element-7a711551 e-flex e-con-boxed e-con e-parent\" data-id=\"7a711551\" data-element_type=\"container\" data-settings=\"{&quot;background_background&quot;:&quot;classic&quot;}\">\n\t\t\t\t\t<div class=\"e-con-inner\">\n\t\t<div class=\"elementor-element elementor-element-1b5cb3fc e-con-full e-flex e-con e-child\" data-id=\"1b5cb3fc\" data-element_type=\"container\">\n\t\t<div class=\"elementor-element elementor-element-5fde66c4 e-grid e-con-full e-transform e-con e-child\" data-id=\"5fde66c4\" data-element_type=\"container\" data-settings=\"{&quot;_transform_translateY_effect&quot;:{&quot;unit&quot;:&quot;px&quot;,&quot;size&quot;:140,&quot;sizes&quot;:[]},&quot;_transform_translateX_effect&quot;:{&quot;unit&quot;:&quot;px&quot;,&quot;size&quot;:&quot;&quot;,&quot;sizes&quot;:[]},&quot;_transform_translateX_effect_tablet&quot;:{&quot;unit&quot;:&quot;px&quot;,&quot;size&quot;:&quot;&quot;,&quot;sizes&quot;:[]},&quot;_transform_translateX_effect_mobile&quot;:{&quot;unit&quot;:&quot;px&quot;,&quot;size&quot;:&quot;&quot;,&quot;sizes&quot;:[]},&quot;_transform_translateY_effect_tablet&quot;:{&quot;unit&quot;:&quot;px&quot;,&quot;size&quot;:&quot;&quot;,&quot;sizes&quot;:[]},&quot;_transform_translateY_effect_mobile&quot;:{&quot;unit&quot;:&quot;px&quot;,&quot;size&quot;:&quot;&quot;,&quot;sizes&quot;:[]}}\">\n\t\t\t\t<div class=\"elementor-element elementor-element-3a9c01ce elementor-widget__width-initial e-transform e-transform elementor-widget elementor-widget-image\" data-id=\"3a9c01ce\" data-element_type=\"widget\" data-settings=\"{&quot;_transform_translateX_effect&quot;:{&quot;unit&quot;:&quot;px&quot;,&quot;size&quot;:1,&quot;sizes&quot;:[]},&quot;_transform_translateY_effect&quot;:{&quot;unit&quot;:&quot;px&quot;,&quot;size&quot;:-70,&quot;sizes&quot;:[]},&quot;_transform_scale_effect&quot;:{&quot;unit&quot;:&quot;px&quot;,&quot;size&quot;:1.3,&quot;sizes&quot;:[]},&quot;_transform_translateX_effect_mobile&quot;:{&quot;unit&quot;:&quot;px&quot;,&quot;size&quot;:-2,&quot;sizes&quot;:[]},&quot;_transform_translateY_effect_mobile&quot;:{&quot;unit&quot;:&quot;px&quot;,&quot;size&quot;:-27,&quot;sizes&quot;:[]},&quot;_transform_scale_effect_mobile&quot;:{&quot;unit&quot;:&quot;px&quot;,&quot;size&quot;:1,&quot;sizes&quot;:[]},&quot;_transform_translateX_effect_tablet&quot;:{&quot;unit&quot;:&quot;px&quot;,&quot;size&quot;:&quot;&quot;,&quot;sizes&quot;:[]},&quot;_transform_translateY_effect_tablet&quot;:{&quot;unit&quot;:&quot;px&quot;,&quot;size&quot;:&quot;&quot;,&quot;sizes&quot;:[]},&quot;_transform_scale_effect_tablet&quot;:{&quot;unit&quot;:&quot;px&quot;,&quot;size&quot;:&quot;&quot;,&quot;sizes&quot;:[]}}\" data-widget_type=\"image.default\">\n\t\t\t\t<div class=\"elementor-widget-container\">\n\t\t\t\t\t\t\t\t\t\t\t\t\t\t\t\t<a href=\"https:\/\/planchescontact.fr\/en\/\">\n\t\t\t\t\t\t\t<img fetchpriority=\"high\" decoding=\"async\" width=\"1290\" height=\"750\" src=\"https:\/\/planchescontact.fr\/wp-content\/uploads\/2025\/09\/logo-PC-blanc.png\" class=\"attachment-full size-full wp-image-6377\" alt=\"\" srcset=\"https:\/\/planchescontact.fr\/wp-content\/uploads\/2025\/09\/logo-PC-blanc.png 1290w, https:\/\/planchescontact.fr\/wp-content\/uploads\/2025\/09\/logo-PC-blanc-300x174.png 300w, https:\/\/planchescontact.fr\/wp-content\/uploads\/2025\/09\/logo-PC-blanc-1024x595.png 1024w, https:\/\/planchescontact.fr\/wp-content\/uploads\/2025\/09\/logo-PC-blanc-768x447.png 768w, https:\/\/planchescontact.fr\/wp-content\/uploads\/2025\/09\/logo-PC-blanc-18x10.png 18w\" sizes=\"(max-width: 1290px) 100vw, 1290px\" \/>\t\t\t\t\t\t\t\t<\/a>\n\t\t\t\t\t\t\t\t\t\t\t\t\t\t\t<\/div>\n\t\t\t\t<\/div>\n\t\t<div class=\"elementor-element elementor-element-76f804ab e-con-full e-flex e-con e-child\" data-id=\"76f804ab\" data-element_type=\"container\" data-settings=\"{&quot;background_background&quot;:&quot;classic&quot;}\">\n\t\t\t\t<div class=\"elementor-element elementor-element-7adbf5c elementor-widget elementor-widget-text-editor\" data-id=\"7adbf5c\" data-element_type=\"widget\" data-widget_type=\"text-editor.default\">\n\t\t\t\t<div class=\"elementor-widget-container\">\n\t\t\t\t\t\t\t\t\t<p><strong>Claude Lelouch<\/strong><\/p>\t\t\t\t\t\t\t\t<\/div>\n\t\t\t\t<\/div>\n\t\t\t\t<\/div>\n\t\t<div class=\"elementor-element elementor-element-eb7d07d e-con-full elementor-hidden-mobile e-flex e-con e-child\" data-id=\"eb7d07d\" data-element_type=\"container\" data-settings=\"{&quot;background_background&quot;:&quot;classic&quot;}\">\n\t\t\t\t<div class=\"elementor-element elementor-element-2a782d74 elementor-widget elementor-widget-text-editor\" data-id=\"2a782d74\" data-element_type=\"widget\" data-widget_type=\"text-editor.default\">\n\t\t\t\t<div class=\"elementor-widget-container\">\n\t\t\t\t\t\t\t\t\t<p><strong>2019<\/strong><\/p>\t\t\t\t\t\t\t\t<\/div>\n\t\t\t\t<\/div>\n\t\t\t\t<\/div>\n\t\t<div class=\"elementor-element elementor-element-6a70054e e-con-full elementor-hidden-desktop elementor-hidden-tablet e-flex e-con e-child\" data-id=\"6a70054e\" data-element_type=\"container\" data-settings=\"{&quot;background_background&quot;:&quot;classic&quot;}\">\n\t\t\t\t<div class=\"elementor-element elementor-element-e30af89 elementor-widget elementor-widget-text-editor\" data-id=\"e30af89\" data-element_type=\"widget\" data-widget_type=\"text-editor.default\">\n\t\t\t\t<div class=\"elementor-widget-container\">\n\t\t\t\t\t\t\t\t\t<b>photographe invit\u00e9<br>2019<\/b>\t\t\t\t\t\t\t\t<\/div>\n\t\t\t\t<\/div>\n\t\t\t\t<\/div>\n\t\t<div class=\"elementor-element elementor-element-f36858d e-con-full elementor-hidden-mobile e-flex e-con e-child\" data-id=\"f36858d\" data-element_type=\"container\" data-settings=\"{&quot;background_background&quot;:&quot;classic&quot;}\">\n\t\t\t\t<div class=\"elementor-element elementor-element-53e4a64 elementor-widget elementor-widget-text-editor\" data-id=\"53e4a64\" data-element_type=\"widget\" data-widget_type=\"text-editor.default\">\n\t\t\t\t<div class=\"elementor-widget-container\">\n\t\t\t\t\t\t\t\t\t<p><b>photographe invit\u00e9<\/b><\/p>\t\t\t\t\t\t\t\t<\/div>\n\t\t\t\t<\/div>\n\t\t\t\t<\/div>\n\t\t<div class=\"elementor-element elementor-element-46d83c58 e-con-full e-flex e-con e-child\" data-id=\"46d83c58\" data-element_type=\"container\" data-settings=\"{&quot;background_background&quot;:&quot;classic&quot;}\">\n\t\t\t\t<div class=\"elementor-element elementor-element-ef9a6ca elementor-widget__width-inherit elementor-widget elementor-widget-button\" data-id=\"ef9a6ca\" data-element_type=\"widget\" data-widget_type=\"button.default\">\n\t\t\t\t<div class=\"elementor-widget-container\">\n\t\t\t\t\t\t\t\t\t<div class=\"elementor-button-wrapper\">\n\t\t\t\t\t<a class=\"elementor-button elementor-button-link elementor-size-sm\" href=\"https:\/\/planchescontact.fr\/en\/les-archives\/\">\n\t\t\t\t\t\t<span class=\"elementor-button-content-wrapper\">\n\t\t\t\t\t\t\t\t\t<span class=\"elementor-button-text\">&lt;&lt; retour liste<\/span>\n\t\t\t\t\t<\/span>\n\t\t\t\t\t<\/a>\n\t\t\t\t<\/div>\n\t\t\t\t\t\t\t\t<\/div>\n\t\t\t\t<\/div>\n\t\t\t\t<\/div>\n\t\t\t\t<\/div>\n\t\t<div class=\"elementor-element elementor-element-cf0574f e-grid e-con-full e-transform e-con e-child\" data-id=\"cf0574f\" data-element_type=\"container\" data-settings=\"{&quot;_transform_translateY_effect&quot;:{&quot;unit&quot;:&quot;px&quot;,&quot;size&quot;:140,&quot;sizes&quot;:[]},&quot;_transform_translateX_effect&quot;:{&quot;unit&quot;:&quot;px&quot;,&quot;size&quot;:&quot;&quot;,&quot;sizes&quot;:[]},&quot;_transform_translateX_effect_tablet&quot;:{&quot;unit&quot;:&quot;px&quot;,&quot;size&quot;:&quot;&quot;,&quot;sizes&quot;:[]},&quot;_transform_translateX_effect_mobile&quot;:{&quot;unit&quot;:&quot;px&quot;,&quot;size&quot;:&quot;&quot;,&quot;sizes&quot;:[]},&quot;_transform_translateY_effect_tablet&quot;:{&quot;unit&quot;:&quot;px&quot;,&quot;size&quot;:&quot;&quot;,&quot;sizes&quot;:[]},&quot;_transform_translateY_effect_mobile&quot;:{&quot;unit&quot;:&quot;px&quot;,&quot;size&quot;:&quot;&quot;,&quot;sizes&quot;:[]}}\">\n\t\t<div class=\"elementor-element elementor-element-b26a5b7 e-con-full elementor-hidden-desktop elementor-hidden-tablet elementor-hidden-mobile e-flex e-con e-child\" data-id=\"b26a5b7\" data-element_type=\"container\">\n\t\t\t\t<\/div>\n\t\t<div class=\"elementor-element elementor-element-75dbbcd e-con-full e-flex e-con e-child\" data-id=\"75dbbcd\" data-element_type=\"container\">\n\t\t\t\t<div class=\"elementor-element elementor-element-40adbdc elementor-widget elementor-widget-text-editor\" data-id=\"40adbdc\" data-element_type=\"widget\" data-widget_type=\"text-editor.default\">\n\t\t\t\t<div class=\"elementor-widget-container\">\n\t\t\t\t\t\t\t\t\t<p>carte blanche claude lelouch<\/p>\t\t\t\t\t\t\t\t<\/div>\n\t\t\t\t<\/div>\n\t\t<div class=\"elementor-element elementor-element-0d81703 e-con-full e-flex e-con e-child\" data-id=\"0d81703\" data-element_type=\"container\">\n\t\t<div class=\"elementor-element elementor-element-b6cc647 e-grid e-con-full e-con e-child\" data-id=\"b6cc647\" data-element_type=\"container\">\n\t\t<div class=\"elementor-element elementor-element-c2f8257 e-con-full e-flex e-con e-child\" data-id=\"c2f8257\" data-element_type=\"container\">\n\t\t\t\t<div class=\"elementor-element elementor-element-4ce3beb elementor-widget elementor-widget-text-editor\" data-id=\"4ce3beb\" data-element_type=\"widget\" data-widget_type=\"text-editor.default\">\n\t\t\t\t<div class=\"elementor-widget-container\">\n\t\t\t\t\t\t\t\t\t<p>\u00ab J&rsquo;ai grandi \u00e0 Villers-sur-Mer, sur cette jolie plage situ\u00e9e \u00e0 deux kilom\u00e8tres de Deauville, domin\u00e9e par les Vaches Noires, des falaises sauvages.<br \/>Lorsque j&rsquo;\u00e9tais enfant, le dimanche, avec mes parents nous allions faire un tour \u00e0 Deauville comme on va \u00e0 Orly contempler les avions &#8230; Une relation forte s&rsquo;est naturellement install\u00e9e entre la Normandie et moi. J&rsquo;y suis tr\u00e8s attach\u00e9. Quelques jours sans la Normandie et me voil\u00e0 tr\u00e8s malheureux. Elle est ma pharmacie pr\u00e9f\u00e9r\u00e9e, le meilleur des m\u00e9dicaments, mon fournisseur d&rsquo;\u00e9nergie. Je suis fascin\u00e9 par la puissance de la lumi\u00e8re, si essentielle \u00e0 ma vie. Comment un rayon de soleil peut-il \u00e0 tel point tout sublimer? Ceux qui aiment cette Normandie savent appr\u00e9cier l&rsquo;essentiel. Ce climat aussi, qui offre tous les climats dans la m\u00eame journ\u00e9e &#8230; Le vent, les temp\u00eates, les grandes plages si magiques \u00e0 mar\u00e9e basse &#8230; J&rsquo;aime voir les chevaux s&rsquo;entra\u00eener au petit matin sur le champ de courses. Le spectacle est splendide, plus enchanteur que les courses elles-m\u00eames. D\u00e8s lors, y tourner<em> Un homme et une femme<\/em> me semblait une \u00e9vidence.<br \/>Avec ce film qui a fait le tour de la plan\u00e8te, les visiteurs ont d\u00e9couvert la beaut\u00e9 hivernale de Deauville et de ses alentours. La ville est devenue un lieu romantique. Combien de couples viennent jouer <em>Un homme et une femme<\/em> sur la plage ?&#8230; C&rsquo;est cela l&rsquo;int\u00e9r\u00eat du cin\u00e9ma. Il ouvre des horizons.\u00bb<\/p>\t\t\t\t\t\t\t\t<\/div>\n\t\t\t\t<\/div>\n\t\t\t\t<\/div>\n\t\t<div class=\"elementor-element elementor-element-49d5873 e-con-full e-flex e-con e-child\" data-id=\"49d5873\" data-element_type=\"container\">\n\t\t\t\t<div class=\"elementor-element elementor-element-5da5281 elementor-widget elementor-widget-text-editor\" data-id=\"5da5281\" data-element_type=\"widget\" data-widget_type=\"text-editor.default\">\n\t\t\t\t<div class=\"elementor-widget-container\">\n\t\t\t\t\t\t\t\t\t<p>Pour les dix ans de Planche(s) Contact, nous avons voulu rendre hommage \u00e0 <strong>Claude Lelouch<\/strong> en lui confiant une Carte blanche sur Deauville, si centrale dans son \u0153uvre, ville protagoniste d&rsquo;<em>Un homme et une femme<\/em>, le film r\u00e9alis\u00e9 par Lelouch \u00e0 l&rsquo;\u00e2ge de vingt-six ans et Palme d&rsquo;or en 1966, et ville o\u00f9 le cin\u00e9aste est revenu tourner, l&rsquo;hiver dernier, un nouveau film et en m\u00eame temps une suite du premier, cinquante-trois ans plus tard et avec les m\u00eames acteurs. Les Plus Belles Ann\u00e9es d&rsquo;une vie, pr\u00e9sent\u00e9 hors comp\u00e9tition \u00e0 Cannes en 2019 y a \u00e9t\u00e9 accueilli par une standing&nbsp;ovation.<br>Claude Lelouch sait filmer et sublimer les femmes, les gestes amoureux, la \u00ab musique \u00bb et la plage de Deauville comme personne. <em>Un homme et une femme<\/em> a marqu\u00e9 des g\u00e9n\u00e9rations et rendu c\u00e9l\u00e8bres dans le monde entier les hivers \u00e0 Deauville tout autant que le \u00ab Da ba da ba da, ba da ba da ba\u00bb de Francis Lai et de Pierre Barouh. Nous sommes heureux qu&rsquo;il ait accept\u00e9 de nous faire partager son Deauville, ses impressions et sa vision particuli\u00e8re, comme pour un carnet de notes ou une sorte de making of. Ses images d&rsquo;archives ou plus r\u00e9centes avec la complicit\u00e9 de Val\u00e9rie Perrin, ainsi que des extraits de films sont pr\u00e9sent\u00e9es dans les salons et les chambres de la villa Strassburger qui, pour la premi\u00e8re fois, accueillera une exposition et sera ouverte au public \u00e0 l&rsquo;occasion du festival. Des images de la famille du cin\u00e9ma pr\u00e9sent\u00e9es dans une grande maison de famille.<\/p>\t\t\t\t\t\t\t\t<\/div>\n\t\t\t\t<\/div>\n\t\t\t\t<\/div>\n\t\t\t\t<\/div>\n\t\t\t\t<\/div>\n\t\t\t\t<\/div>\n\t\t<div class=\"elementor-element elementor-element-7fab6ed e-con-full e-flex e-con e-child\" data-id=\"7fab6ed\" data-element_type=\"container\">\n\t\t\t\t<div class=\"elementor-element elementor-element-14cd354 elementor-widget elementor-widget-spacer\" data-id=\"14cd354\" data-element_type=\"widget\" data-widget_type=\"spacer.default\">\n\t\t\t\t<div class=\"elementor-widget-container\">\n\t\t\t\t\t\t\t<div class=\"elementor-spacer\">\n\t\t\t<div class=\"elementor-spacer-inner\"><\/div>\n\t\t<\/div>\n\t\t\t\t\t\t<\/div>\n\t\t\t\t<\/div>\n\t\t\t\t<\/div>\n\t\t\t\t<div class=\"elementor-element elementor-element-0684a2f elementor-widget elementor-widget-text-editor\" data-id=\"0684a2f\" data-element_type=\"widget\" data-widget_type=\"text-editor.default\">\n\t\t\t\t<div class=\"elementor-widget-container\">\n\t\t\t\t\t\t\t\t\t<p><span style=\"color: #ffffff;\">Lorem ipsum dolor sit amet, consectetur adipiscing elit. Ut elit tellus, luctus nec ullamcorper mattis, pulvinar dapibus leo.Lorem ipsum dolor sit amet, consectetur adipiscing elit. Ut elit tellus, luctus nec ullamcorper mattis, pulvinar dapibus leo.Lorem ipsum dolor sit amet, consectetur adipiscing elit. Ut elit tellus, luctus nec ullamcorper mattis, pulvinar dapibus leo.Lorem ipsum dolor sit amet, consectetur adipiscing elit. Ut elit tellus, luctus nec ullamcorper mattis, pulvinar dapibus leo.<\/span><\/p>\t\t\t\t\t\t\t\t<\/div>\n\t\t\t\t<\/div>\n\t\t\t\t<\/div>\n\t\t\t\t<\/div>\n\t\t\t\t\t<\/div>\n\t\t\t\t<\/div>\n\t\t<div class=\"elementor-element elementor-element-0304056 e-flex e-con-boxed e-con e-parent\" data-id=\"0304056\" data-element_type=\"container\">\n\t\t\t\t\t<div class=\"e-con-inner\">\n\t\t\t\t<div class=\"elementor-element elementor-element-e345f05 elementor-widget elementor-widget-html\" data-id=\"e345f05\" data-element_type=\"widget\" data-widget_type=\"html.default\">\n\t\t\t\t<div class=\"elementor-widget-container\">\n\t\t\t\t\t<style>\n\/* Couleur de fond Hover de l'Hamburger *\/\n.elementor-nav-menu--dropdown .elementor-item.elementor-item-active, .elementor-nav-menu--dropdown .elementor-item.highlighted, .elementor-nav-menu--dropdown .elementor-item:focus, .elementor-nav-menu--dropdown .elementor-item:hover, .elementor-sub-item.elementor-item-active, .elementor-sub-item.highlighted, .elementor-sub-item:focus, .elementor-sub-item:hover {\n  background-color: #FFE372;\n}\n\n\/* Couleur tu texte en hover\/focus de l'Hamburger et de ses liens *\/\n.elementor-499 .elementor-element.elementor-element-f0c4c6a .elementor-nav-menu--dropdown a:hover,\n.elementor-499 .elementor-element.elementor-element-f0c4c6a .elementor-nav-menu--dropdown a:focus,\n.elementor-499 .elementor-element.elementor-element-f0c4c6a .elementor-menu-toggle:hover,\n.elementor-499 .elementor-element.elementor-element-f0c4c6a .elementor-menu-toggle:focus {\n  color: #ffffff;\n}\n\n\n\/* Centre l\u00e9g\u00e8rement le texte de l'Hamburger *\/\n\n\n@media (max-width: 767px) {\n  .elementor-nav-menu--dropdown a {\n    padding-left: 8px !important;\n  }\n}\n\n\n\n\/* Repositionne l'Hamburger *\/\n@media (max-width: 767px) {\n  .elementor-nav-menu--toggle .elementor-menu-toggle.elementor-active + .elementor-nav-menu__container {\n    margin-top: 2px;\n  }\n}\n<\/style>\n<script>\n\/* Fermeture automatique de l'Hamburger *\/\n  document.querySelectorAll('.elementor-item.elementor-item-anchor').forEach(function(item) {\n    item.addEventListener('click', function() {\n      const toggleButton = document.querySelector('.elementor-menu-toggle.elementor-active');\n      if (toggleButton) {\n        toggleButton.click();\n      }\n    });\n  });\n<\/script>\t\t\t\t<\/div>\n\t\t\t\t<\/div>\n\t\t\t\t\t<\/div>\n\t\t\t\t<\/div>\n\t\t\t\t<\/div>","protected":false},"excerpt":{"rendered":"<p>Claude Lelouch 2019 photographe invit\u00e92019 photographe invit\u00e9 &lt;&lt; retour liste carte blanche claude lelouch \u00ab J&rsquo;ai grandi \u00e0 Villers-sur-Mer, sur cette jolie plage situ\u00e9e \u00e0 deux kilom\u00e8tres de Deauville, domin\u00e9e [&hellip;]<\/p>","protected":false},"author":1,"featured_media":0,"parent":0,"menu_order":0,"comment_status":"closed","ping_status":"closed","template":"","meta":{"footnotes":""},"class_list":["post-8328","page","type-page","status-publish","hentry"],"yoast_head":"<!-- This site is optimized with the Yoast SEO plugin v26.3 - https:\/\/yoast.com\/wordpress\/plugins\/seo\/ -->\n<title>Archives_2019_lelouch - Planches Contact Festival<\/title>\n<meta name=\"robots\" content=\"index, follow, max-snippet:-1, max-image-preview:large, max-video-preview:-1\" \/>\n<link rel=\"canonical\" href=\"https:\/\/planchescontact.fr\/en\/archives_2019_lelouch\/\" \/>\n<meta property=\"og:locale\" content=\"en_GB\" \/>\n<meta property=\"og:type\" content=\"article\" \/>\n<meta property=\"og:title\" content=\"Archives_2019_lelouch - Planches Contact Festival\" \/>\n<meta property=\"og:description\" content=\"Claude Lelouch 2019 photographe invit\u00e92019 photographe invit\u00e9 &lt;&lt; retour liste carte blanche claude lelouch \u00ab J&rsquo;ai grandi \u00e0 Villers-sur-Mer, sur cette jolie plage situ\u00e9e \u00e0 deux kilom\u00e8tres de Deauville, domin\u00e9e [&hellip;]\" \/>\n<meta property=\"og:url\" content=\"https:\/\/planchescontact.fr\/en\/archives_2019_lelouch\/\" \/>\n<meta property=\"og:site_name\" content=\"Planches Contact Festival\" \/>\n<meta property=\"article:modified_time\" content=\"2026-03-08T18:00:26+00:00\" \/>\n<meta property=\"og:image\" content=\"https:\/\/planchescontact.fr\/wp-content\/uploads\/2025\/09\/logo-PC-blanc.png\" \/>\n\t<meta property=\"og:image:width\" content=\"1290\" \/>\n\t<meta property=\"og:image:height\" content=\"750\" \/>\n\t<meta property=\"og:image:type\" content=\"image\/png\" \/>\n<meta name=\"twitter:card\" content=\"summary_large_image\" \/>\n<meta name=\"twitter:label1\" content=\"Estimated reading time\" \/>\n\t<meta name=\"twitter:data1\" content=\"4 minutes\" \/>\n<script type=\"application\/ld+json\" class=\"yoast-schema-graph\">{\"@context\":\"https:\/\/schema.org\",\"@graph\":[{\"@type\":\"WebPage\",\"@id\":\"https:\/\/planchescontact.fr\/archives_2019_lelouch\/\",\"url\":\"https:\/\/planchescontact.fr\/archives_2019_lelouch\/\",\"name\":\"Archives_2019_lelouch - Planches Contact Festival\",\"isPartOf\":{\"@id\":\"https:\/\/planchescontact.fr\/#website\"},\"primaryImageOfPage\":{\"@id\":\"https:\/\/planchescontact.fr\/archives_2019_lelouch\/#primaryimage\"},\"image\":{\"@id\":\"https:\/\/planchescontact.fr\/archives_2019_lelouch\/#primaryimage\"},\"thumbnailUrl\":\"https:\/\/planchescontact.fr\/wp-content\/uploads\/2025\/09\/logo-PC-blanc.png\",\"datePublished\":\"2025-09-22T10:05:46+00:00\",\"dateModified\":\"2026-03-08T18:00:26+00:00\",\"breadcrumb\":{\"@id\":\"https:\/\/planchescontact.fr\/archives_2019_lelouch\/#breadcrumb\"},\"inLanguage\":\"en-GB\",\"potentialAction\":[{\"@type\":\"ReadAction\",\"target\":[\"https:\/\/planchescontact.fr\/archives_2019_lelouch\/\"]}]},{\"@type\":\"ImageObject\",\"inLanguage\":\"en-GB\",\"@id\":\"https:\/\/planchescontact.fr\/archives_2019_lelouch\/#primaryimage\",\"url\":\"https:\/\/planchescontact.fr\/wp-content\/uploads\/2025\/09\/logo-PC-blanc.png\",\"contentUrl\":\"https:\/\/planchescontact.fr\/wp-content\/uploads\/2025\/09\/logo-PC-blanc.png\"},{\"@type\":\"BreadcrumbList\",\"@id\":\"https:\/\/planchescontact.fr\/archives_2019_lelouch\/#breadcrumb\",\"itemListElement\":[{\"@type\":\"ListItem\",\"position\":1,\"name\":\"Accueil\",\"item\":\"https:\/\/planchescontact.fr\/\"},{\"@type\":\"ListItem\",\"position\":2,\"name\":\"Archives_2019_lelouch\"}]},{\"@type\":\"WebSite\",\"@id\":\"https:\/\/planchescontact.fr\/#website\",\"url\":\"https:\/\/planchescontact.fr\/\",\"name\":\"Planches Contact Festival\",\"description\":\"Deauville Photographie\",\"publisher\":{\"@id\":\"https:\/\/planchescontact.fr\/#organization\"},\"potentialAction\":[{\"@type\":\"SearchAction\",\"target\":{\"@type\":\"EntryPoint\",\"urlTemplate\":\"https:\/\/planchescontact.fr\/?s={search_term_string}\"},\"query-input\":{\"@type\":\"PropertyValueSpecification\",\"valueRequired\":true,\"valueName\":\"search_term_string\"}}],\"inLanguage\":\"en-GB\"},{\"@type\":\"Organization\",\"@id\":\"https:\/\/planchescontact.fr\/#organization\",\"name\":\"Planches Contact Festival\",\"url\":\"https:\/\/planchescontact.fr\/\",\"logo\":{\"@type\":\"ImageObject\",\"inLanguage\":\"en-GB\",\"@id\":\"https:\/\/planchescontact.fr\/#\/schema\/logo\/image\/\",\"url\":\"https:\/\/planchescontact.fr\/wp-content\/uploads\/2025\/04\/PC2025_noir-scaled.png\",\"contentUrl\":\"https:\/\/planchescontact.fr\/wp-content\/uploads\/2025\/04\/PC2025_noir-scaled.png\",\"width\":2560,\"height\":1455,\"caption\":\"Planches Contact Festival\"},\"image\":{\"@id\":\"https:\/\/planchescontact.fr\/#\/schema\/logo\/image\/\"},\"sameAs\":[\"https:\/\/www.instagram.com\/planchescontactfestival\"]}]}<\/script>\n<!-- \/ Yoast SEO plugin. -->","yoast_head_json":{"title":"Archives_2019_lelouch - Planches Contact Festival","robots":{"index":"index","follow":"follow","max-snippet":"max-snippet:-1","max-image-preview":"max-image-preview:large","max-video-preview":"max-video-preview:-1"},"canonical":"https:\/\/planchescontact.fr\/en\/archives_2019_lelouch\/","og_locale":"en_GB","og_type":"article","og_title":"Archives_2019_lelouch - Planches Contact Festival","og_description":"Claude Lelouch 2019 photographe invit\u00e92019 photographe invit\u00e9 &lt;&lt; retour liste carte blanche claude lelouch \u00ab J&rsquo;ai grandi \u00e0 Villers-sur-Mer, sur cette jolie plage situ\u00e9e \u00e0 deux kilom\u00e8tres de Deauville, domin\u00e9e [&hellip;]","og_url":"https:\/\/planchescontact.fr\/en\/archives_2019_lelouch\/","og_site_name":"Planches Contact Festival","article_modified_time":"2026-03-08T18:00:26+00:00","og_image":[{"width":1290,"height":750,"url":"https:\/\/planchescontact.fr\/wp-content\/uploads\/2025\/09\/logo-PC-blanc.png","type":"image\/png"}],"twitter_card":"summary_large_image","twitter_misc":{"Estimated reading time":"4 minutes"},"schema":{"@context":"https:\/\/schema.org","@graph":[{"@type":"WebPage","@id":"https:\/\/planchescontact.fr\/archives_2019_lelouch\/","url":"https:\/\/planchescontact.fr\/archives_2019_lelouch\/","name":"Archives_2019_lelouch - Planches Contact Festival","isPartOf":{"@id":"https:\/\/planchescontact.fr\/#website"},"primaryImageOfPage":{"@id":"https:\/\/planchescontact.fr\/archives_2019_lelouch\/#primaryimage"},"image":{"@id":"https:\/\/planchescontact.fr\/archives_2019_lelouch\/#primaryimage"},"thumbnailUrl":"https:\/\/planchescontact.fr\/wp-content\/uploads\/2025\/09\/logo-PC-blanc.png","datePublished":"2025-09-22T10:05:46+00:00","dateModified":"2026-03-08T18:00:26+00:00","breadcrumb":{"@id":"https:\/\/planchescontact.fr\/archives_2019_lelouch\/#breadcrumb"},"inLanguage":"en-GB","potentialAction":[{"@type":"ReadAction","target":["https:\/\/planchescontact.fr\/archives_2019_lelouch\/"]}]},{"@type":"ImageObject","inLanguage":"en-GB","@id":"https:\/\/planchescontact.fr\/archives_2019_lelouch\/#primaryimage","url":"https:\/\/planchescontact.fr\/wp-content\/uploads\/2025\/09\/logo-PC-blanc.png","contentUrl":"https:\/\/planchescontact.fr\/wp-content\/uploads\/2025\/09\/logo-PC-blanc.png"},{"@type":"BreadcrumbList","@id":"https:\/\/planchescontact.fr\/archives_2019_lelouch\/#breadcrumb","itemListElement":[{"@type":"ListItem","position":1,"name":"Accueil","item":"https:\/\/planchescontact.fr\/"},{"@type":"ListItem","position":2,"name":"Archives_2019_lelouch"}]},{"@type":"WebSite","@id":"https:\/\/planchescontact.fr\/#website","url":"https:\/\/planchescontact.fr\/","name":"Planches Contact Festival","description":"Deauville Photographie","publisher":{"@id":"https:\/\/planchescontact.fr\/#organization"},"potentialAction":[{"@type":"SearchAction","target":{"@type":"EntryPoint","urlTemplate":"https:\/\/planchescontact.fr\/?s={search_term_string}"},"query-input":{"@type":"PropertyValueSpecification","valueRequired":true,"valueName":"search_term_string"}}],"inLanguage":"en-GB"},{"@type":"Organization","@id":"https:\/\/planchescontact.fr\/#organization","name":"Planches Contact Festival","url":"https:\/\/planchescontact.fr\/","logo":{"@type":"ImageObject","inLanguage":"en-GB","@id":"https:\/\/planchescontact.fr\/#\/schema\/logo\/image\/","url":"https:\/\/planchescontact.fr\/wp-content\/uploads\/2025\/04\/PC2025_noir-scaled.png","contentUrl":"https:\/\/planchescontact.fr\/wp-content\/uploads\/2025\/04\/PC2025_noir-scaled.png","width":2560,"height":1455,"caption":"Planches Contact Festival"},"image":{"@id":"https:\/\/planchescontact.fr\/#\/schema\/logo\/image\/"},"sameAs":["https:\/\/www.instagram.com\/planchescontactfestival"]}]}},"_links":{"self":[{"href":"https:\/\/planchescontact.fr\/en\/wp-json\/wp\/v2\/pages\/8328","targetHints":{"allow":["GET"]}}],"collection":[{"href":"https:\/\/planchescontact.fr\/en\/wp-json\/wp\/v2\/pages"}],"about":[{"href":"https:\/\/planchescontact.fr\/en\/wp-json\/wp\/v2\/types\/page"}],"author":[{"embeddable":true,"href":"https:\/\/planchescontact.fr\/en\/wp-json\/wp\/v2\/users\/1"}],"replies":[{"embeddable":true,"href":"https:\/\/planchescontact.fr\/en\/wp-json\/wp\/v2\/comments?post=8328"}],"version-history":[{"count":15,"href":"https:\/\/planchescontact.fr\/en\/wp-json\/wp\/v2\/pages\/8328\/revisions"}],"predecessor-version":[{"id":10602,"href":"https:\/\/planchescontact.fr\/en\/wp-json\/wp\/v2\/pages\/8328\/revisions\/10602"}],"wp:attachment":[{"href":"https:\/\/planchescontact.fr\/en\/wp-json\/wp\/v2\/media?parent=8328"}],"curies":[{"name":"wp","href":"https:\/\/api.w.org\/{rel}","templated":true}]}}