{"id":8709,"date":"2025-09-22T14:56:55","date_gmt":"2025-09-22T12:56:55","guid":{"rendered":"https:\/\/planchescontact.fr\/?page_id=8709"},"modified":"2026-03-08T17:57:39","modified_gmt":"2026-03-08T16:57:39","slug":"archives_2022_maison_cam","status":"publish","type":"page","link":"https:\/\/planchescontact.fr\/en\/archives_2022_maison_cam\/","title":{"rendered":"Archives_2022_maison_cam"},"content":{"rendered":"<div data-elementor-type=\"wp-page\" data-elementor-id=\"8709\" class=\"elementor elementor-8709\" data-elementor-post-type=\"page\">\n\t\t\t\t<div class=\"elementor-element elementor-element-11ecfe04 e-flex e-con-boxed e-con e-parent\" data-id=\"11ecfe04\" data-element_type=\"container\" data-settings=\"{&quot;background_background&quot;:&quot;classic&quot;}\">\n\t\t\t\t\t<div class=\"e-con-inner\">\n\t\t<div class=\"elementor-element elementor-element-155bfabc e-con-full e-flex e-con e-child\" data-id=\"155bfabc\" data-element_type=\"container\">\n\t\t<div class=\"elementor-element elementor-element-15d6976b e-grid e-con-full e-transform e-con e-child\" data-id=\"15d6976b\" data-element_type=\"container\" data-settings=\"{&quot;_transform_translateY_effect&quot;:{&quot;unit&quot;:&quot;px&quot;,&quot;size&quot;:140,&quot;sizes&quot;:[]},&quot;_transform_translateX_effect&quot;:{&quot;unit&quot;:&quot;px&quot;,&quot;size&quot;:&quot;&quot;,&quot;sizes&quot;:[]},&quot;_transform_translateX_effect_tablet&quot;:{&quot;unit&quot;:&quot;px&quot;,&quot;size&quot;:&quot;&quot;,&quot;sizes&quot;:[]},&quot;_transform_translateX_effect_mobile&quot;:{&quot;unit&quot;:&quot;px&quot;,&quot;size&quot;:&quot;&quot;,&quot;sizes&quot;:[]},&quot;_transform_translateY_effect_tablet&quot;:{&quot;unit&quot;:&quot;px&quot;,&quot;size&quot;:&quot;&quot;,&quot;sizes&quot;:[]},&quot;_transform_translateY_effect_mobile&quot;:{&quot;unit&quot;:&quot;px&quot;,&quot;size&quot;:&quot;&quot;,&quot;sizes&quot;:[]}}\">\n\t\t\t\t<div class=\"elementor-element elementor-element-2ecd9759 elementor-widget__width-initial e-transform e-transform elementor-widget elementor-widget-image\" data-id=\"2ecd9759\" data-element_type=\"widget\" data-settings=\"{&quot;_transform_translateX_effect&quot;:{&quot;unit&quot;:&quot;px&quot;,&quot;size&quot;:1,&quot;sizes&quot;:[]},&quot;_transform_translateY_effect&quot;:{&quot;unit&quot;:&quot;px&quot;,&quot;size&quot;:-70,&quot;sizes&quot;:[]},&quot;_transform_scale_effect&quot;:{&quot;unit&quot;:&quot;px&quot;,&quot;size&quot;:1.3,&quot;sizes&quot;:[]},&quot;_transform_translateX_effect_mobile&quot;:{&quot;unit&quot;:&quot;px&quot;,&quot;size&quot;:-2,&quot;sizes&quot;:[]},&quot;_transform_translateY_effect_mobile&quot;:{&quot;unit&quot;:&quot;px&quot;,&quot;size&quot;:-27,&quot;sizes&quot;:[]},&quot;_transform_scale_effect_mobile&quot;:{&quot;unit&quot;:&quot;px&quot;,&quot;size&quot;:1,&quot;sizes&quot;:[]},&quot;_transform_translateX_effect_tablet&quot;:{&quot;unit&quot;:&quot;px&quot;,&quot;size&quot;:&quot;&quot;,&quot;sizes&quot;:[]},&quot;_transform_translateY_effect_tablet&quot;:{&quot;unit&quot;:&quot;px&quot;,&quot;size&quot;:&quot;&quot;,&quot;sizes&quot;:[]},&quot;_transform_scale_effect_tablet&quot;:{&quot;unit&quot;:&quot;px&quot;,&quot;size&quot;:&quot;&quot;,&quot;sizes&quot;:[]}}\" data-widget_type=\"image.default\">\n\t\t\t\t<div class=\"elementor-widget-container\">\n\t\t\t\t\t\t\t\t\t\t\t\t\t\t\t\t<a href=\"https:\/\/staging.planchescontact.fr\">\n\t\t\t\t\t\t\t<img fetchpriority=\"high\" decoding=\"async\" width=\"1290\" height=\"750\" src=\"https:\/\/planchescontact.fr\/wp-content\/uploads\/2025\/09\/logo-PC-blanc-1.png\" class=\"attachment-full size-full wp-image-8453\" alt=\"\" srcset=\"https:\/\/planchescontact.fr\/wp-content\/uploads\/2025\/09\/logo-PC-blanc-1.png 1290w, https:\/\/planchescontact.fr\/wp-content\/uploads\/2025\/09\/logo-PC-blanc-1-300x174.png 300w, https:\/\/planchescontact.fr\/wp-content\/uploads\/2025\/09\/logo-PC-blanc-1-1024x595.png 1024w, https:\/\/planchescontact.fr\/wp-content\/uploads\/2025\/09\/logo-PC-blanc-1-768x447.png 768w, https:\/\/planchescontact.fr\/wp-content\/uploads\/2025\/09\/logo-PC-blanc-1-18x10.png 18w\" sizes=\"(max-width: 1290px) 100vw, 1290px\" \/>\t\t\t\t\t\t\t\t<\/a>\n\t\t\t\t\t\t\t\t\t\t\t\t\t\t\t<\/div>\n\t\t\t\t<\/div>\n\t\t<div class=\"elementor-element elementor-element-7bdfaa08 e-con-full e-flex e-con e-child\" data-id=\"7bdfaa08\" data-element_type=\"container\" data-settings=\"{&quot;background_background&quot;:&quot;classic&quot;}\">\n\t\t\t\t<div class=\"elementor-element elementor-element-54c4f6a9 elementor-widget elementor-widget-text-editor\" data-id=\"54c4f6a9\" data-element_type=\"widget\" data-widget_type=\"text-editor.default\">\n\t\t\t\t<div class=\"elementor-widget-container\">\n\t\t\t\t\t\t\t\t\t<p><strong>ANNE-LAURE MAISON<\/strong><br \/><strong>ET MICHEL CAM<\/strong><\/p>\t\t\t\t\t\t\t\t<\/div>\n\t\t\t\t<\/div>\n\t\t\t\t<\/div>\n\t\t<div class=\"elementor-element elementor-element-638893d9 e-con-full elementor-hidden-mobile e-flex e-con e-child\" data-id=\"638893d9\" data-element_type=\"container\" data-settings=\"{&quot;background_background&quot;:&quot;classic&quot;}\">\n\t\t\t\t<div class=\"elementor-element elementor-element-4b8cf8e2 elementor-widget elementor-widget-text-editor\" data-id=\"4b8cf8e2\" data-element_type=\"widget\" data-widget_type=\"text-editor.default\">\n\t\t\t\t<div class=\"elementor-widget-container\">\n\t\t\t\t\t\t\t\t\t<p><strong>2022<\/strong><\/p>\t\t\t\t\t\t\t\t<\/div>\n\t\t\t\t<\/div>\n\t\t\t\t<\/div>\n\t\t<div class=\"elementor-element elementor-element-4cc23c78 e-con-full elementor-hidden-desktop elementor-hidden-tablet e-flex e-con e-child\" data-id=\"4cc23c78\" data-element_type=\"container\" data-settings=\"{&quot;background_background&quot;:&quot;classic&quot;}\">\n\t\t\t\t<div class=\"elementor-element elementor-element-5714c75b elementor-widget elementor-widget-text-editor\" data-id=\"5714c75b\" data-element_type=\"widget\" data-widget_type=\"text-editor.default\">\n\t\t\t\t<div class=\"elementor-widget-container\">\n\t\t\t\t\t\t\t\t\t<b>fondation <em>photo4food<\/em><br>2022<\/b>\t\t\t\t\t\t\t\t<\/div>\n\t\t\t\t<\/div>\n\t\t\t\t<\/div>\n\t\t<div class=\"elementor-element elementor-element-4892b8a e-con-full elementor-hidden-mobile e-flex e-con e-child\" data-id=\"4892b8a\" data-element_type=\"container\" data-settings=\"{&quot;background_background&quot;:&quot;classic&quot;}\">\n\t\t\t\t<div class=\"elementor-element elementor-element-763fbb5 elementor-widget elementor-widget-text-editor\" data-id=\"763fbb5\" data-element_type=\"widget\" data-widget_type=\"text-editor.default\">\n\t\t\t\t<div class=\"elementor-widget-container\">\n\t\t\t\t\t\t\t\t\t<p><b>fondation <em>photo4food<\/em><\/b><\/p>\t\t\t\t\t\t\t\t<\/div>\n\t\t\t\t<\/div>\n\t\t\t\t<\/div>\n\t\t<div class=\"elementor-element elementor-element-20b16b59 e-con-full e-flex e-con e-child\" data-id=\"20b16b59\" data-element_type=\"container\" data-settings=\"{&quot;background_background&quot;:&quot;classic&quot;}\">\n\t\t\t\t<div class=\"elementor-element elementor-element-3ee25cd0 elementor-widget__width-inherit elementor-widget elementor-widget-button\" data-id=\"3ee25cd0\" data-element_type=\"widget\" data-widget_type=\"button.default\">\n\t\t\t\t<div class=\"elementor-widget-container\">\n\t\t\t\t\t\t\t\t\t<div class=\"elementor-button-wrapper\">\n\t\t\t\t\t<a class=\"elementor-button elementor-button-link elementor-size-sm\" href=\"https:\/\/planchescontact.fr\/en\/les-archives\/\">\n\t\t\t\t\t\t<span class=\"elementor-button-content-wrapper\">\n\t\t\t\t\t\t\t\t\t<span class=\"elementor-button-text\">&lt;&lt; retour liste<\/span>\n\t\t\t\t\t<\/span>\n\t\t\t\t\t<\/a>\n\t\t\t\t<\/div>\n\t\t\t\t\t\t\t\t<\/div>\n\t\t\t\t<\/div>\n\t\t\t\t<\/div>\n\t\t\t\t<\/div>\n\t\t<div class=\"elementor-element elementor-element-e976fd2 e-grid e-con-full e-transform e-con e-child\" data-id=\"e976fd2\" data-element_type=\"container\" data-settings=\"{&quot;_transform_translateY_effect&quot;:{&quot;unit&quot;:&quot;px&quot;,&quot;size&quot;:140,&quot;sizes&quot;:[]},&quot;_transform_translateX_effect&quot;:{&quot;unit&quot;:&quot;px&quot;,&quot;size&quot;:&quot;&quot;,&quot;sizes&quot;:[]},&quot;_transform_translateX_effect_tablet&quot;:{&quot;unit&quot;:&quot;px&quot;,&quot;size&quot;:&quot;&quot;,&quot;sizes&quot;:[]},&quot;_transform_translateX_effect_mobile&quot;:{&quot;unit&quot;:&quot;px&quot;,&quot;size&quot;:&quot;&quot;,&quot;sizes&quot;:[]},&quot;_transform_translateY_effect_tablet&quot;:{&quot;unit&quot;:&quot;px&quot;,&quot;size&quot;:&quot;&quot;,&quot;sizes&quot;:[]},&quot;_transform_translateY_effect_mobile&quot;:{&quot;unit&quot;:&quot;px&quot;,&quot;size&quot;:&quot;&quot;,&quot;sizes&quot;:[]}}\">\n\t\t<div class=\"elementor-element elementor-element-20a68155 e-con-full e-flex e-con e-child\" data-id=\"20a68155\" data-element_type=\"container\">\n\t\t\t\t<div class=\"elementor-element elementor-element-6e43f515 elementor-widget elementor-widget-image\" data-id=\"6e43f515\" data-element_type=\"widget\" data-widget_type=\"image.default\">\n\t\t\t\t<div class=\"elementor-widget-container\">\n\t\t\t\t\t\t\t\t\t\t\t\t\t\t\t<img decoding=\"async\" width=\"1600\" height=\"1067\" src=\"https:\/\/planchescontact.fr\/wp-content\/uploads\/2025\/09\/Exposition-dAnne-Laure-Maison-et-Michel-Cam-2022.-Piscine-de-Deauville-\u00a9-Sandrine-Boyer-Engel-3-scaled-1.jpg\" class=\"attachment-full size-full wp-image-8493\" alt=\"\" srcset=\"https:\/\/planchescontact.fr\/wp-content\/uploads\/2025\/09\/Exposition-dAnne-Laure-Maison-et-Michel-Cam-2022.-Piscine-de-Deauville-\u00a9-Sandrine-Boyer-Engel-3-scaled-1.jpg 1600w, https:\/\/planchescontact.fr\/wp-content\/uploads\/2025\/09\/Exposition-dAnne-Laure-Maison-et-Michel-Cam-2022.-Piscine-de-Deauville-\u00a9-Sandrine-Boyer-Engel-3-scaled-1-300x200.jpg 300w, https:\/\/planchescontact.fr\/wp-content\/uploads\/2025\/09\/Exposition-dAnne-Laure-Maison-et-Michel-Cam-2022.-Piscine-de-Deauville-\u00a9-Sandrine-Boyer-Engel-3-scaled-1-1024x683.jpg 1024w, https:\/\/planchescontact.fr\/wp-content\/uploads\/2025\/09\/Exposition-dAnne-Laure-Maison-et-Michel-Cam-2022.-Piscine-de-Deauville-\u00a9-Sandrine-Boyer-Engel-3-scaled-1-768x512.jpg 768w, https:\/\/planchescontact.fr\/wp-content\/uploads\/2025\/09\/Exposition-dAnne-Laure-Maison-et-Michel-Cam-2022.-Piscine-de-Deauville-\u00a9-Sandrine-Boyer-Engel-3-scaled-1-1536x1024.jpg 1536w, https:\/\/planchescontact.fr\/wp-content\/uploads\/2025\/09\/Exposition-dAnne-Laure-Maison-et-Michel-Cam-2022.-Piscine-de-Deauville-\u00a9-Sandrine-Boyer-Engel-3-scaled-1-18x12.jpg 18w\" sizes=\"(max-width: 1600px) 100vw, 1600px\" \/>\t\t\t\t\t\t\t\t\t\t\t\t\t\t\t<\/div>\n\t\t\t\t<\/div>\n\t\t\t\t<\/div>\n\t\t<div class=\"elementor-element elementor-element-9af2d7d e-con-full e-flex e-con e-child\" data-id=\"9af2d7d\" data-element_type=\"container\">\n\t\t\t\t<div class=\"elementor-element elementor-element-c72b576 elementor-widget elementor-widget-text-editor\" data-id=\"c72b576\" data-element_type=\"widget\" data-widget_type=\"text-editor.default\">\n\t\t\t\t<div class=\"elementor-widget-container\">\n\t\t\t\t\t\t\t\t\t<p>Human Soul Deauville<\/p>\t\t\t\t\t\t\t\t<\/div>\n\t\t\t\t<\/div>\n\t\t<div class=\"elementor-element elementor-element-6eaedbba e-con-full e-flex e-con e-child\" data-id=\"6eaedbba\" data-element_type=\"container\">\n\t\t<div class=\"elementor-element elementor-element-67bf12e e-grid e-con-full e-con e-child\" data-id=\"67bf12e\" data-element_type=\"container\">\n\t\t<div class=\"elementor-element elementor-element-416a7676 e-con-full e-flex e-con e-child\" data-id=\"416a7676\" data-element_type=\"container\">\n\t\t\t\t<div class=\"elementor-element elementor-element-3ae75eac elementor-widget elementor-widget-text-editor\" data-id=\"3ae75eac\" data-element_type=\"widget\" data-widget_type=\"text-editor.default\">\n\t\t\t\t<div class=\"elementor-widget-container\">\n\t\t\t\t\t\t\t\t\t<p>Dans la continuit\u00e9 de leur projet <em>Human Soul<\/em>, <strong>Anne-Laure Maison<\/strong> and <strong>Michel Cam<\/strong> ont rencontr\u00e9 de nombreux habitants du territoire dont ils ont fait le portrait : ma\u00eetre-nageur, \u00e9picier, l\u00e9gionnaire reconverti, b\u00e9n\u00e9ficiaires de la Croix-Rouge, m\u00e9decin\u2026<br \/>Ces portraits deviennent collages m\u00ealant dessins et photographies, puis viennent habiter l\u2019espace de la ville. Chaque histoire, \u00e0 l\u2019\u00e9chelle du lieu, symbolise le lien intime \u00e0 l\u2019espace.<\/p>\t\t\t\t\t\t\t\t<\/div>\n\t\t\t\t<\/div>\n\t\t\t\t<\/div>\n\t\t<div class=\"elementor-element elementor-element-3dd9df76 e-con-full e-flex e-con e-child\" data-id=\"3dd9df76\" data-element_type=\"container\">\n\t\t\t\t<div class=\"elementor-element elementor-element-1de80c5a elementor-widget elementor-widget-text-editor\" data-id=\"1de80c5a\" data-element_type=\"widget\" data-widget_type=\"text-editor.default\">\n\t\t\t\t<div class=\"elementor-widget-container\">\n\t\t\t\t\t\t\t\t\t<p>Anne-Laure Maison et Michel Cam vivent entre Paris et Brest, \u00e0 bord de leur bateau-atelier Ilo2. Depuis 2016, leur travail commun s&rsquo;\u00e9labore au gr\u00e9 de leurs navigations et rencontres.<\/p>\t\t\t\t\t\t\t\t<\/div>\n\t\t\t\t<\/div>\n\t\t\t\t<\/div>\n\t\t\t\t<\/div>\n\t\t\t\t<\/div>\n\t\t\t\t<\/div>\n\t\t<div class=\"elementor-element elementor-element-6b608fd3 e-con-full e-flex e-con e-child\" data-id=\"6b608fd3\" data-element_type=\"container\">\n\t\t\t\t<div class=\"elementor-element elementor-element-2c555426 elementor-widget elementor-widget-spacer\" data-id=\"2c555426\" data-element_type=\"widget\" data-widget_type=\"spacer.default\">\n\t\t\t\t<div class=\"elementor-widget-container\">\n\t\t\t\t\t\t\t<div class=\"elementor-spacer\">\n\t\t\t<div class=\"elementor-spacer-inner\"><\/div>\n\t\t<\/div>\n\t\t\t\t\t\t<\/div>\n\t\t\t\t<\/div>\n\t\t\t\t<\/div>\n\t\t\t\t<div class=\"elementor-element elementor-element-1370259d elementor-widget elementor-widget-text-editor\" data-id=\"1370259d\" data-element_type=\"widget\" data-widget_type=\"text-editor.default\">\n\t\t\t\t<div class=\"elementor-widget-container\">\n\t\t\t\t\t\t\t\t\t<p><span style=\"color: #ffffff;\">Lorem ipsum dolor sit amet, consectetur adipiscing elit. Ut elit tellus, luctus nec ullamcorper mattis, pulvinar dapibus leo.Lorem ipsum dolor sit amet, consectetur adipiscing elit. Ut elit tellus, luctus nec ullamcorper mattis, pulvinar dapibus leo.Lorem ipsum dolor sit amet, consectetur adipiscing elit. Ut elit tellus, luctus nec ullamcorper mattis, pulvinar dapibus leo.Lorem ipsum dolor sit amet, consectetur adipiscing elit. Ut elit tellus, luctus nec ullamcorper mattis, pulvinar dapibus leo.<\/span><\/p>\t\t\t\t\t\t\t\t<\/div>\n\t\t\t\t<\/div>\n\t\t\t\t<\/div>\n\t\t\t\t<\/div>\n\t\t\t\t\t<\/div>\n\t\t\t\t<\/div>\n\t\t<div class=\"elementor-element elementor-element-12aaaf4f e-flex e-con-boxed e-con e-parent\" data-id=\"12aaaf4f\" data-element_type=\"container\">\n\t\t\t\t\t<div class=\"e-con-inner\">\n\t\t\t\t<div class=\"elementor-element elementor-element-3f6270b8 elementor-widget elementor-widget-html\" data-id=\"3f6270b8\" data-element_type=\"widget\" data-widget_type=\"html.default\">\n\t\t\t\t<div class=\"elementor-widget-container\">\n\t\t\t\t\t<style>\n\/* Couleur de fond Hover de l'Hamburger *\/\n.elementor-nav-menu--dropdown .elementor-item.elementor-item-active, .elementor-nav-menu--dropdown .elementor-item.highlighted, .elementor-nav-menu--dropdown .elementor-item:focus, .elementor-nav-menu--dropdown .elementor-item:hover, .elementor-sub-item.elementor-item-active, .elementor-sub-item.highlighted, .elementor-sub-item:focus, .elementor-sub-item:hover {\n  background-color: #FFE372;\n}\n\n\/* Couleur tu texte en hover\/focus de l'Hamburger et de ses liens *\/\n.elementor-499 .elementor-element.elementor-element-f0c4c6a .elementor-nav-menu--dropdown a:hover,\n.elementor-499 .elementor-element.elementor-element-f0c4c6a .elementor-nav-menu--dropdown a:focus,\n.elementor-499 .elementor-element.elementor-element-f0c4c6a .elementor-menu-toggle:hover,\n.elementor-499 .elementor-element.elementor-element-f0c4c6a .elementor-menu-toggle:focus {\n  color: #ffffff;\n}\n\n\n\/* Centre l\u00e9g\u00e8rement le texte de l'Hamburger *\/\n\n\n@media (max-width: 767px) {\n  .elementor-nav-menu--dropdown a {\n    padding-left: 8px !important;\n  }\n}\n\n\n\n\/* Repositionne l'Hamburger *\/\n@media (max-width: 767px) {\n  .elementor-nav-menu--toggle .elementor-menu-toggle.elementor-active + .elementor-nav-menu__container {\n    margin-top: 2px;\n  }\n}\n<\/style>\n<script>\n\/* Fermeture automatique de l'Hamburger *\/\n  document.querySelectorAll('.elementor-item.elementor-item-anchor').forEach(function(item) {\n    item.addEventListener('click', function() {\n      const toggleButton = document.querySelector('.elementor-menu-toggle.elementor-active');\n      if (toggleButton) {\n        toggleButton.click();\n      }\n    });\n  });\n<\/script>\t\t\t\t<\/div>\n\t\t\t\t<\/div>\n\t\t\t\t\t<\/div>\n\t\t\t\t<\/div>\n\t\t\t\t<\/div>","protected":false},"excerpt":{"rendered":"<p>ANNE-LAURE MAISONET MICHEL CAM 2022 fondation photo4food2022 fondation photo4food &lt;&lt; retour liste Human Soul Deauville Dans la continuit\u00e9 de leur projet Human Soul, Anne-Laure Maison et Michel Cam ont rencontr\u00e9 [&hellip;]<\/p>","protected":false},"author":1,"featured_media":0,"parent":0,"menu_order":0,"comment_status":"closed","ping_status":"closed","template":"","meta":{"footnotes":""},"class_list":["post-8709","page","type-page","status-publish","hentry"],"yoast_head":"<!-- This site is optimized with the Yoast SEO plugin v26.3 - https:\/\/yoast.com\/wordpress\/plugins\/seo\/ -->\n<title>Archives_2022_maison_cam - Planches Contact Festival<\/title>\n<meta name=\"robots\" content=\"index, follow, max-snippet:-1, max-image-preview:large, max-video-preview:-1\" \/>\n<link rel=\"canonical\" href=\"https:\/\/planchescontact.fr\/en\/archives_2022_maison_cam\/\" \/>\n<meta property=\"og:locale\" content=\"en_GB\" \/>\n<meta property=\"og:type\" content=\"article\" \/>\n<meta property=\"og:title\" content=\"Archives_2022_maison_cam - Planches Contact Festival\" \/>\n<meta property=\"og:description\" content=\"ANNE-LAURE MAISONET MICHEL CAM 2022 fondation photo4food2022 fondation photo4food &lt;&lt; retour liste Human Soul Deauville Dans la continuit\u00e9 de leur projet Human Soul, Anne-Laure Maison et Michel Cam ont rencontr\u00e9 [&hellip;]\" \/>\n<meta property=\"og:url\" content=\"https:\/\/planchescontact.fr\/en\/archives_2022_maison_cam\/\" \/>\n<meta property=\"og:site_name\" content=\"Planches Contact Festival\" \/>\n<meta property=\"article:modified_time\" content=\"2026-03-08T16:57:39+00:00\" \/>\n<meta property=\"og:image\" content=\"https:\/\/planchescontact.fr\/wp-content\/uploads\/2025\/09\/logo-PC-blanc-1.png\" \/>\n\t<meta property=\"og:image:width\" content=\"1290\" \/>\n\t<meta property=\"og:image:height\" content=\"750\" \/>\n\t<meta property=\"og:image:type\" content=\"image\/png\" \/>\n<meta name=\"twitter:card\" content=\"summary_large_image\" \/>\n<meta name=\"twitter:label1\" content=\"Estimated reading time\" \/>\n\t<meta name=\"twitter:data1\" content=\"2 minutes\" \/>\n<script type=\"application\/ld+json\" class=\"yoast-schema-graph\">{\"@context\":\"https:\/\/schema.org\",\"@graph\":[{\"@type\":\"WebPage\",\"@id\":\"https:\/\/planchescontact.fr\/archives_2022_maison_cam\/\",\"url\":\"https:\/\/planchescontact.fr\/archives_2022_maison_cam\/\",\"name\":\"Archives_2022_maison_cam - Planches Contact Festival\",\"isPartOf\":{\"@id\":\"https:\/\/planchescontact.fr\/#website\"},\"primaryImageOfPage\":{\"@id\":\"https:\/\/planchescontact.fr\/archives_2022_maison_cam\/#primaryimage\"},\"image\":{\"@id\":\"https:\/\/planchescontact.fr\/archives_2022_maison_cam\/#primaryimage\"},\"thumbnailUrl\":\"https:\/\/planchescontact.fr\/wp-content\/uploads\/2025\/09\/logo-PC-blanc-1.png\",\"datePublished\":\"2025-09-22T12:56:55+00:00\",\"dateModified\":\"2026-03-08T16:57:39+00:00\",\"breadcrumb\":{\"@id\":\"https:\/\/planchescontact.fr\/archives_2022_maison_cam\/#breadcrumb\"},\"inLanguage\":\"en-GB\",\"potentialAction\":[{\"@type\":\"ReadAction\",\"target\":[\"https:\/\/planchescontact.fr\/archives_2022_maison_cam\/\"]}]},{\"@type\":\"ImageObject\",\"inLanguage\":\"en-GB\",\"@id\":\"https:\/\/planchescontact.fr\/archives_2022_maison_cam\/#primaryimage\",\"url\":\"https:\/\/planchescontact.fr\/wp-content\/uploads\/2025\/09\/logo-PC-blanc-1.png\",\"contentUrl\":\"https:\/\/planchescontact.fr\/wp-content\/uploads\/2025\/09\/logo-PC-blanc-1.png\"},{\"@type\":\"BreadcrumbList\",\"@id\":\"https:\/\/planchescontact.fr\/archives_2022_maison_cam\/#breadcrumb\",\"itemListElement\":[{\"@type\":\"ListItem\",\"position\":1,\"name\":\"Accueil\",\"item\":\"https:\/\/planchescontact.fr\/\"},{\"@type\":\"ListItem\",\"position\":2,\"name\":\"Archives_2022_maison_cam\"}]},{\"@type\":\"WebSite\",\"@id\":\"https:\/\/planchescontact.fr\/#website\",\"url\":\"https:\/\/planchescontact.fr\/\",\"name\":\"Planches Contact Festival\",\"description\":\"Deauville Photographie\",\"publisher\":{\"@id\":\"https:\/\/planchescontact.fr\/#organization\"},\"potentialAction\":[{\"@type\":\"SearchAction\",\"target\":{\"@type\":\"EntryPoint\",\"urlTemplate\":\"https:\/\/planchescontact.fr\/?s={search_term_string}\"},\"query-input\":{\"@type\":\"PropertyValueSpecification\",\"valueRequired\":true,\"valueName\":\"search_term_string\"}}],\"inLanguage\":\"en-GB\"},{\"@type\":\"Organization\",\"@id\":\"https:\/\/planchescontact.fr\/#organization\",\"name\":\"Planches Contact Festival\",\"url\":\"https:\/\/planchescontact.fr\/\",\"logo\":{\"@type\":\"ImageObject\",\"inLanguage\":\"en-GB\",\"@id\":\"https:\/\/planchescontact.fr\/#\/schema\/logo\/image\/\",\"url\":\"https:\/\/planchescontact.fr\/wp-content\/uploads\/2025\/04\/PC2025_noir-scaled.png\",\"contentUrl\":\"https:\/\/planchescontact.fr\/wp-content\/uploads\/2025\/04\/PC2025_noir-scaled.png\",\"width\":2560,\"height\":1455,\"caption\":\"Planches Contact Festival\"},\"image\":{\"@id\":\"https:\/\/planchescontact.fr\/#\/schema\/logo\/image\/\"},\"sameAs\":[\"https:\/\/www.instagram.com\/planchescontactfestival\"]}]}<\/script>\n<!-- \/ Yoast SEO plugin. -->","yoast_head_json":{"title":"Archives_2022_maison_cam - Planches Contact Festival","robots":{"index":"index","follow":"follow","max-snippet":"max-snippet:-1","max-image-preview":"max-image-preview:large","max-video-preview":"max-video-preview:-1"},"canonical":"https:\/\/planchescontact.fr\/en\/archives_2022_maison_cam\/","og_locale":"en_GB","og_type":"article","og_title":"Archives_2022_maison_cam - Planches Contact Festival","og_description":"ANNE-LAURE MAISONET MICHEL CAM 2022 fondation photo4food2022 fondation photo4food &lt;&lt; retour liste Human Soul Deauville Dans la continuit\u00e9 de leur projet Human Soul, Anne-Laure Maison et Michel Cam ont rencontr\u00e9 [&hellip;]","og_url":"https:\/\/planchescontact.fr\/en\/archives_2022_maison_cam\/","og_site_name":"Planches Contact Festival","article_modified_time":"2026-03-08T16:57:39+00:00","og_image":[{"width":1290,"height":750,"url":"https:\/\/planchescontact.fr\/wp-content\/uploads\/2025\/09\/logo-PC-blanc-1.png","type":"image\/png"}],"twitter_card":"summary_large_image","twitter_misc":{"Estimated reading time":"2 minutes"},"schema":{"@context":"https:\/\/schema.org","@graph":[{"@type":"WebPage","@id":"https:\/\/planchescontact.fr\/archives_2022_maison_cam\/","url":"https:\/\/planchescontact.fr\/archives_2022_maison_cam\/","name":"Archives_2022_maison_cam - Planches Contact Festival","isPartOf":{"@id":"https:\/\/planchescontact.fr\/#website"},"primaryImageOfPage":{"@id":"https:\/\/planchescontact.fr\/archives_2022_maison_cam\/#primaryimage"},"image":{"@id":"https:\/\/planchescontact.fr\/archives_2022_maison_cam\/#primaryimage"},"thumbnailUrl":"https:\/\/planchescontact.fr\/wp-content\/uploads\/2025\/09\/logo-PC-blanc-1.png","datePublished":"2025-09-22T12:56:55+00:00","dateModified":"2026-03-08T16:57:39+00:00","breadcrumb":{"@id":"https:\/\/planchescontact.fr\/archives_2022_maison_cam\/#breadcrumb"},"inLanguage":"en-GB","potentialAction":[{"@type":"ReadAction","target":["https:\/\/planchescontact.fr\/archives_2022_maison_cam\/"]}]},{"@type":"ImageObject","inLanguage":"en-GB","@id":"https:\/\/planchescontact.fr\/archives_2022_maison_cam\/#primaryimage","url":"https:\/\/planchescontact.fr\/wp-content\/uploads\/2025\/09\/logo-PC-blanc-1.png","contentUrl":"https:\/\/planchescontact.fr\/wp-content\/uploads\/2025\/09\/logo-PC-blanc-1.png"},{"@type":"BreadcrumbList","@id":"https:\/\/planchescontact.fr\/archives_2022_maison_cam\/#breadcrumb","itemListElement":[{"@type":"ListItem","position":1,"name":"Accueil","item":"https:\/\/planchescontact.fr\/"},{"@type":"ListItem","position":2,"name":"Archives_2022_maison_cam"}]},{"@type":"WebSite","@id":"https:\/\/planchescontact.fr\/#website","url":"https:\/\/planchescontact.fr\/","name":"Planches Contact Festival","description":"Deauville Photographie","publisher":{"@id":"https:\/\/planchescontact.fr\/#organization"},"potentialAction":[{"@type":"SearchAction","target":{"@type":"EntryPoint","urlTemplate":"https:\/\/planchescontact.fr\/?s={search_term_string}"},"query-input":{"@type":"PropertyValueSpecification","valueRequired":true,"valueName":"search_term_string"}}],"inLanguage":"en-GB"},{"@type":"Organization","@id":"https:\/\/planchescontact.fr\/#organization","name":"Planches Contact Festival","url":"https:\/\/planchescontact.fr\/","logo":{"@type":"ImageObject","inLanguage":"en-GB","@id":"https:\/\/planchescontact.fr\/#\/schema\/logo\/image\/","url":"https:\/\/planchescontact.fr\/wp-content\/uploads\/2025\/04\/PC2025_noir-scaled.png","contentUrl":"https:\/\/planchescontact.fr\/wp-content\/uploads\/2025\/04\/PC2025_noir-scaled.png","width":2560,"height":1455,"caption":"Planches Contact Festival"},"image":{"@id":"https:\/\/planchescontact.fr\/#\/schema\/logo\/image\/"},"sameAs":["https:\/\/www.instagram.com\/planchescontactfestival"]}]}},"_links":{"self":[{"href":"https:\/\/planchescontact.fr\/en\/wp-json\/wp\/v2\/pages\/8709","targetHints":{"allow":["GET"]}}],"collection":[{"href":"https:\/\/planchescontact.fr\/en\/wp-json\/wp\/v2\/pages"}],"about":[{"href":"https:\/\/planchescontact.fr\/en\/wp-json\/wp\/v2\/types\/page"}],"author":[{"embeddable":true,"href":"https:\/\/planchescontact.fr\/en\/wp-json\/wp\/v2\/users\/1"}],"replies":[{"embeddable":true,"href":"https:\/\/planchescontact.fr\/en\/wp-json\/wp\/v2\/comments?post=8709"}],"version-history":[{"count":9,"href":"https:\/\/planchescontact.fr\/en\/wp-json\/wp\/v2\/pages\/8709\/revisions"}],"predecessor-version":[{"id":10485,"href":"https:\/\/planchescontact.fr\/en\/wp-json\/wp\/v2\/pages\/8709\/revisions\/10485"}],"wp:attachment":[{"href":"https:\/\/planchescontact.fr\/en\/wp-json\/wp\/v2\/media?parent=8709"}],"curies":[{"name":"wp","href":"https:\/\/api.w.org\/{rel}","templated":true}]}}